{"id":8442,"date":"2026-02-23T11:13:52","date_gmt":"2026-02-23T11:13:52","guid":{"rendered":"https:\/\/wholesale.altruistsun.com\/?post_type=product&#038;p=8442"},"modified":"2026-05-01T18:40:06","modified_gmt":"2026-05-01T18:40:06","slug":"altruist-anti-redness-pigmentation-spf50-light-30ml-ean-8720865230351","status":"publish","type":"product","link":"http:\/\/wholesale.altruistsun.com\/es\/care-es\/altruist-anti-redness-pigmentation-spf50-light-30ml-ean-8720865230351\/","title":{"rendered":"Altruist Anti-Rojeces y Pigmentaci\u00f3n SPF50 Light 30ml-EAN 8720865230351"},"content":{"rendered":"<h2>C\u00f3mo llegar:<\/h2>\n<p>Puede utilizarse para neutralizar las rojeces e igualar el tono de la piel, al tiempo que reduce la pigmentaci\u00f3n. Para obtener los m\u00e1ximos beneficios, este producto debe utilizarse a diario durante todo el a\u00f1o.<br \/>\nAplicar con un suave masaje en el rostro y extender por el cuello y el escote hasta conseguir un tono de piel uniforme. Puede utilizarse como base de maquillaje. Repetir si es necesario para conseguir un color m\u00e1s intenso. Reaplicar a lo largo del d\u00eda si es necesario, especialmente despu\u00e9s de secarse con la toalla, transpirar o nadar para mantener una protecci\u00f3n \u00f3ptima.<\/p>","protected":false},"excerpt":{"rendered":"<p>Desarrollado especialmente para pieles hipersensibles y con tendencia al enrojecimiento, proporciona una mejora instant\u00e1nea, suave y duradera. Combina la tecnolog\u00eda de disimulaci\u00f3n de rojeces con un complejo vegetal activo reductor de rojeces. Minimiza el riesgo de pigmentaci\u00f3n, c\u00e1ncer de piel y envejecimiento cut\u00e1neo con un protector solar de amplio espectro SPF50 y 5 estrellas ultra UVA (PPD 52) con protecci\u00f3n adicional frente a la luz visible (incluida la luz azul de alta energ\u00eda), que puede ayudar a reducir la pigmentaci\u00f3n inducida hormonalmente. Protecci\u00f3n UVA\/UVB fotoestable de factor alto. Protecci\u00f3n frente a la luz visible. Disimula al instante las rojeces y el tono desigual de la piel.<\/p>","protected":false},"featured_media":8443,"template":"","meta":[],"product_cat":[82],"product_tag":[],"_links":{"self":[{"href":"http:\/\/wholesale.altruistsun.com\/es\/wp-json\/wp\/v2\/product\/8442"}],"collection":[{"href":"http:\/\/wholesale.altruistsun.com\/es\/wp-json\/wp\/v2\/product"}],"about":[{"href":"http:\/\/wholesale.altruistsun.com\/es\/wp-json\/wp\/v2\/types\/product"}],"wp:featuredmedia":[{"embeddable":true,"href":"http:\/\/wholesale.altruistsun.com\/es\/wp-json\/wp\/v2\/media\/8443"}],"wp:attachment":[{"href":"http:\/\/wholesale.altruistsun.com\/es\/wp-json\/wp\/v2\/media?parent=8442"}],"wp:term":[{"taxonomy":"product_cat","embeddable":true,"href":"http:\/\/wholesale.altruistsun.com\/es\/wp-json\/wp\/v2\/product_cat?post=8442"},{"taxonomy":"product_tag","embeddable":true,"href":"http:\/\/wholesale.altruistsun.com\/es\/wp-json\/wp\/v2\/product_tag?post=8442"}],"curies":[{"name":"wp","href":"https:\/\/api.w.org\/{rel}","templated":true}]}}