{"id":166,"date":"2014-08-08T20:57:29","date_gmt":"2014-08-08T20:57:29","guid":{"rendered":"http:\/\/uxthemes.wpengine.com\/?post_type=product&#038;p=132"},"modified":"2026-04-16T12:36:20","modified_gmt":"2026-04-16T12:36:20","slug":"invisible-sunspray-spf50","status":"publish","type":"product","link":"https:\/\/wholesale.altruistsun.com\/de\/sunscreen\/invisible-sunspray-spf50\/","title":{"rendered":"Altruist Unsichtbares Sonnenspray SPF50 200 ml - EAN 8719327597880"},"content":{"rendered":"","protected":false},"excerpt":{"rendered":"<p>Hochwertiger Schutz mit breitem Spektrum (UVA und UVB) (PPD 42). ALTRUIST verwendet eine breite Palette von photostabilen UV-Filtern. Geeignet f\u00fcr die t\u00e4gliche Anwendung bei Erwachsenen und Kindern. Einfache Anwendung, einfach aufspr\u00fchen und einmassieren! Zieht schnell ein, klebt nicht und hinterl\u00e4sst keine R\u00fcckst\u00e4nde.<\/p>\n<ul>\n<li>Hypoallergen<\/li>\n<li>Nicht komedogen<\/li>\n<li>Frei von Parf\u00fcm und Parabenen<\/li>\n<li>Wasserfest<\/li>\n<\/ul>","protected":false},"featured_media":7539,"template":"","meta":[],"product_cat":[15],"product_tag":[],"_links":{"self":[{"href":"https:\/\/wholesale.altruistsun.com\/de\/wp-json\/wp\/v2\/product\/166"}],"collection":[{"href":"https:\/\/wholesale.altruistsun.com\/de\/wp-json\/wp\/v2\/product"}],"about":[{"href":"https:\/\/wholesale.altruistsun.com\/de\/wp-json\/wp\/v2\/types\/product"}],"wp:featuredmedia":[{"embeddable":true,"href":"https:\/\/wholesale.altruistsun.com\/de\/wp-json\/wp\/v2\/media\/7539"}],"wp:attachment":[{"href":"https:\/\/wholesale.altruistsun.com\/de\/wp-json\/wp\/v2\/media?parent=166"}],"wp:term":[{"taxonomy":"product_cat","embeddable":true,"href":"https:\/\/wholesale.altruistsun.com\/de\/wp-json\/wp\/v2\/product_cat?post=166"},{"taxonomy":"product_tag","embeddable":true,"href":"https:\/\/wholesale.altruistsun.com\/de\/wp-json\/wp\/v2\/product_tag?post=166"}],"curies":[{"name":"wp","href":"https:\/\/api.w.org\/{rel}","templated":true}]}}