{"id":2220,"date":"2020-07-09T15:05:52","date_gmt":"2020-07-09T15:05:52","guid":{"rendered":"https:\/\/wholesale.altruistsun.com\/?post_type=product&#038;p=2220"},"modified":"2026-04-16T12:27:54","modified_gmt":"2026-04-16T12:27:54","slug":"altruist-dry-skin-repair-cream","status":"publish","type":"product","link":"https:\/\/wholesale.altruistsun.com\/de\/care\/altruist-dry-skin-repair-cream\/","title":{"rendered":"Altruist Repaircreme f\u00fcr trockene Haut 200 ml - EAN 8719327023846"},"content":{"rendered":"<h1>Wegbeschreibung:<\/h1>\n<p>T\u00e4glich nach dem Waschen auftragen, insbesondere auf trockene Stellen, um eine maximale Wirkung zu erzielen. Verwenden Sie es als Handcreme, um reizende Kontaktdermatitis zu verhindern. Vermeiden Sie Augen und empfindliche Stellen.<\/p>\n<p>&nbsp;<\/p>","protected":false},"excerpt":{"rendered":"<div>\n<p>Eine sorgf\u00e4ltig ausgewogene, sch\u00fctzende Creme, die hilft, die Haut zu st\u00e4rken, die nat\u00fcrliche Barrierefunktion des K\u00f6rpers wiederherzustellen und Feuchtigkeitsverlust zu verhindern. Die Formel mit Urea und Glycerin repariert, gl\u00e4ttet und reduziert Rauheit ohne Irritationen, indem sie die Feuchtigkeit wiederherstellt, die Heilung f\u00f6rdert und den Feuchtigkeitsgehalt erh\u00f6ht. Formuliert zur Unterst\u00fctzung von Menschen mit Psoriasis, Ekzemen, Dermatitis und trockener, rauer oder schuppiger Haut<\/p>\n<ul>\n<li>Hypoallergen<\/li>\n<li>Nicht komedogen<\/li>\n<li>Frei von Parf\u00fcm und Parabenen<\/li>\n<\/ul>\n<\/div>","protected":false},"featured_media":7348,"template":"","meta":[],"product_cat":[70],"product_tag":[],"_links":{"self":[{"href":"https:\/\/wholesale.altruistsun.com\/de\/wp-json\/wp\/v2\/product\/2220"}],"collection":[{"href":"https:\/\/wholesale.altruistsun.com\/de\/wp-json\/wp\/v2\/product"}],"about":[{"href":"https:\/\/wholesale.altruistsun.com\/de\/wp-json\/wp\/v2\/types\/product"}],"wp:featuredmedia":[{"embeddable":true,"href":"https:\/\/wholesale.altruistsun.com\/de\/wp-json\/wp\/v2\/media\/7348"}],"wp:attachment":[{"href":"https:\/\/wholesale.altruistsun.com\/de\/wp-json\/wp\/v2\/media?parent=2220"}],"wp:term":[{"taxonomy":"product_cat","embeddable":true,"href":"https:\/\/wholesale.altruistsun.com\/de\/wp-json\/wp\/v2\/product_cat?post=2220"},{"taxonomy":"product_tag","embeddable":true,"href":"https:\/\/wholesale.altruistsun.com\/de\/wp-json\/wp\/v2\/product_tag?post=2220"}],"curies":[{"name":"wp","href":"https:\/\/api.w.org\/{rel}","templated":true}]}}