{"id":2228,"date":"2020-07-09T15:19:29","date_gmt":"2020-07-09T15:19:29","guid":{"rendered":"https:\/\/wholesale.altruistsun.com\/?post_type=product&#038;p=2228"},"modified":"2026-04-30T10:32:49","modified_gmt":"2026-04-30T10:32:49","slug":"altruist-sunscreen-spf-50","status":"publish","type":"product","link":"https:\/\/wholesale.altruistsun.com\/de\/sunscreen\/altruist-sunscreen-spf-50\/","title":{"rendered":"Altruist Sonnenschutz SPF50 100ml - EAN 8719327597866"},"content":{"rendered":"<h1>Wegbeschreibung:<\/h1>\n<p>20 Minuten vor dem Ausgehen gro\u00dfz\u00fcgig auftragen. H\u00e4ufig wiederholen. Vermeiden Sie den Kontakt mit den Augen.<\/p>\n<p>&nbsp;<\/p>\n<p>&nbsp;<\/p>","protected":false},"excerpt":{"rendered":"<p>Feuchtigkeitsspendende, antioxidative Gesichtssonnencreme mit 5-Sterne-UVA-Bewertung (PPD 52). Bietet ein breites Spektrum an Schutz gegen UVA- und UVB-Strahlung und \u00fcbertrifft damit die EU-Normen. Angereichert mit Vitamin E, um Zellsch\u00e4den durch UV-induzierte freie Radikale und reaktive Sauerstoffspezies zu verhindern. Die Formel wurde f\u00fcr empfindliche Haut entwickelt und hilft, das Risiko von Hautkrebs und vorzeitiger Hautalterung zu verringern.<\/p>\n<ul>\n<li>Hypoallergen<\/li>\n<li>Nicht komedogen<\/li>\n<li>Frei von Parf\u00fcm und Parabenen<\/li>\n<li>Wasserfest<\/li>\n<\/ul>","protected":false},"featured_media":7354,"template":"","meta":[],"product_cat":[15],"product_tag":[],"_links":{"self":[{"href":"https:\/\/wholesale.altruistsun.com\/de\/wp-json\/wp\/v2\/product\/2228"}],"collection":[{"href":"https:\/\/wholesale.altruistsun.com\/de\/wp-json\/wp\/v2\/product"}],"about":[{"href":"https:\/\/wholesale.altruistsun.com\/de\/wp-json\/wp\/v2\/types\/product"}],"wp:featuredmedia":[{"embeddable":true,"href":"https:\/\/wholesale.altruistsun.com\/de\/wp-json\/wp\/v2\/media\/7354"}],"wp:attachment":[{"href":"https:\/\/wholesale.altruistsun.com\/de\/wp-json\/wp\/v2\/media?parent=2228"}],"wp:term":[{"taxonomy":"product_cat","embeddable":true,"href":"https:\/\/wholesale.altruistsun.com\/de\/wp-json\/wp\/v2\/product_cat?post=2228"},{"taxonomy":"product_tag","embeddable":true,"href":"https:\/\/wholesale.altruistsun.com\/de\/wp-json\/wp\/v2\/product_tag?post=2228"}],"curies":[{"name":"wp","href":"https:\/\/api.w.org\/{rel}","templated":true}]}}