{"id":566,"date":"2020-01-21T10:52:10","date_gmt":"2020-01-21T10:52:10","guid":{"rendered":"https:\/\/wholesale.altruistsun.com\/?post_type=product&#038;p=566"},"modified":"2026-04-16T12:28:34","modified_gmt":"2026-04-16T12:28:34","slug":"antiredness-and-pigmentation","status":"publish","type":"product","link":"https:\/\/wholesale.altruistsun.com\/de\/care\/antiredness-and-pigmentation\/","title":{"rendered":"Altruist Anti-R\u00f6tung &amp; Pigmentierung SPF50 30 ml - EAN 8719327023822"},"content":{"rendered":"<h2>Wegbeschreibung:<\/h2>\n<p>Kann verwendet werden, um R\u00f6tungen zu neutralisieren und den Hautton auszugleichen und gleichzeitig weitere Pigmentierungen zu reduzieren. F\u00fcr eine maximale Wirkung sollte dieses Produkt t\u00e4glich und das ganze Jahr \u00fcber angewendet werden.<br \/>\nSanft in das Gesicht einmassieren und auf Hals und Dekollet\u00e9 ausdehnen, bis ein gleichm\u00e4\u00dfiger Hautton erreicht ist. Kann als Grundierung verwendet werden. Bei Bedarf wiederholen, um eine intensivere Farbe zu erzielen. Bei Bedarf im Laufe des Tages erneut auftragen, insbesondere nach dem Abtrocknen, Schwitzen oder Schwimmen, um einen optimalen Schutz zu gew\u00e4hrleisten.<\/p>\n<div class=\"row\"  id=\"row-351956922\"><\/div>","protected":false},"excerpt":{"rendered":"<p><span style=\"color: #808080; font-size: 100%;\">Altruist Anti-Redness and Pigmentation SPF50 (PPD 52) is a green tinted moisturiser and daycream; developed especially for hypersensitive and redness-prone skin, providing instant, gentle and long term improvement. Combining redness concealing technology with redness reducing active plant complex. Leaves a light brown even finish on the skin.<\/span><\/p>","protected":false},"featured_media":7869,"template":"","meta":[],"product_cat":[70],"product_tag":[],"_links":{"self":[{"href":"https:\/\/wholesale.altruistsun.com\/de\/wp-json\/wp\/v2\/product\/566"}],"collection":[{"href":"https:\/\/wholesale.altruistsun.com\/de\/wp-json\/wp\/v2\/product"}],"about":[{"href":"https:\/\/wholesale.altruistsun.com\/de\/wp-json\/wp\/v2\/types\/product"}],"wp:featuredmedia":[{"embeddable":true,"href":"https:\/\/wholesale.altruistsun.com\/de\/wp-json\/wp\/v2\/media\/7869"}],"wp:attachment":[{"href":"https:\/\/wholesale.altruistsun.com\/de\/wp-json\/wp\/v2\/media?parent=566"}],"wp:term":[{"taxonomy":"product_cat","embeddable":true,"href":"https:\/\/wholesale.altruistsun.com\/de\/wp-json\/wp\/v2\/product_cat?post=566"},{"taxonomy":"product_tag","embeddable":true,"href":"https:\/\/wholesale.altruistsun.com\/de\/wp-json\/wp\/v2\/product_tag?post=566"}],"curies":[{"name":"wp","href":"https:\/\/api.w.org\/{rel}","templated":true}]}}