{"id":6571,"date":"2021-07-15T11:37:20","date_gmt":"2021-07-15T11:37:20","guid":{"rendered":"https:\/\/wholesale.altruistsun.com\/?post_type=product&#038;p=6571"},"modified":"2026-04-30T10:32:49","modified_gmt":"2026-04-30T10:32:49","slug":"moisturising-fluid","status":"publish","type":"product","link":"https:\/\/wholesale.altruistsun.com\/de\/care\/moisturising-fluid\/","title":{"rendered":"Feuchtigkeitsfluid 0.5% Hyalurons\u00e4ure 50ml - EAN 8719327023860"},"content":{"rendered":"<h1>Wegbeschreibung:<\/h1>\n<p>Unser feuchtigkeitsspendendes Gesichtsfluid kann als Tages- oder Nachtcreme verwendet werden.<\/p>\n<p>&nbsp;<\/p>\n<p>&nbsp;<\/p>","protected":false},"excerpt":{"rendered":"<p>Die Creme wurde entwickelt, um der Haut ein jugendlicheres, strahlenderes Aussehen zu verleihen, indem sie Hyalurons\u00e4ure mit niedrigem Molekulargewicht verwendet, die tief in die Epidermis eindringt.  Angereichert mit Glycerin, Urea und Sheabutter, um die nat\u00fcrlichen Feuchthaltefaktoren der Haut zu st\u00e4rken, ist die leichte Formulierung die perfekte Feuchtigkeitscreme f\u00fcr das Gesicht und kann als Tages- oder Nachtcreme verwendet werden.<\/p>\n<h2>12 St\u00fcck<\/h2>","protected":false},"featured_media":7355,"template":"","meta":[],"product_cat":[70],"product_tag":[],"_links":{"self":[{"href":"https:\/\/wholesale.altruistsun.com\/de\/wp-json\/wp\/v2\/product\/6571"}],"collection":[{"href":"https:\/\/wholesale.altruistsun.com\/de\/wp-json\/wp\/v2\/product"}],"about":[{"href":"https:\/\/wholesale.altruistsun.com\/de\/wp-json\/wp\/v2\/types\/product"}],"wp:featuredmedia":[{"embeddable":true,"href":"https:\/\/wholesale.altruistsun.com\/de\/wp-json\/wp\/v2\/media\/7355"}],"wp:attachment":[{"href":"https:\/\/wholesale.altruistsun.com\/de\/wp-json\/wp\/v2\/media?parent=6571"}],"wp:term":[{"taxonomy":"product_cat","embeddable":true,"href":"https:\/\/wholesale.altruistsun.com\/de\/wp-json\/wp\/v2\/product_cat?post=6571"},{"taxonomy":"product_tag","embeddable":true,"href":"https:\/\/wholesale.altruistsun.com\/de\/wp-json\/wp\/v2\/product_tag?post=6571"}],"curies":[{"name":"wp","href":"https:\/\/api.w.org\/{rel}","templated":true}]}}