{"id":7636,"date":"2022-08-08T13:32:32","date_gmt":"2022-08-08T13:32:32","guid":{"rendered":"https:\/\/wholesale.altruistsun.com\/?post_type=product&#038;p=7636"},"modified":"2026-05-01T22:20:04","modified_gmt":"2026-05-01T22:20:04","slug":"altruist-face-fluid-spf30-50ml-ean-8719327597835","status":"publish","type":"product","link":"https:\/\/wholesale.altruistsun.com\/de\/sunscreen\/altruist-face-fluid-spf30-50ml-ean-8719327597835\/","title":{"rendered":"Altruist Gesichtsfluid SPF30 50ML - EAN 8719327597835"},"content":{"rendered":"","protected":false},"excerpt":{"rendered":"<p>Feuchtigkeitsspendende, antioxidative Gesichtssonnencreme mit 5-Sterne-UVA-Bewertung (PPD 39). Bietet ein breites Spektrum an Schutz gegen UVA- und UVB-Strahlung und \u00fcbertrifft damit die EU-Normen. Angereichert mit Vitamin E, um Zellsch\u00e4den durch UV-induzierte freie Radikale und reaktive Sauerstoffspezies zu verhindern. Die Formel wurde f\u00fcr empfindliche Haut entwickelt und hilft, das Risiko von Hautkrebs und vorzeitiger Hautalterung zu verringern. Dieses Gesichtsfluid hat viele Vorteile f\u00fcr die Haut:<\/p>\n<ul>\n<li>Hypoallergen<\/li>\n<li>Nicht komedogen<\/li>\n<li>Frei von Parf\u00fcm und Parabenen<\/li>\n<li>Wasserfest<\/li>\n<\/ul>","protected":false},"featured_media":7637,"template":"","meta":[],"product_cat":[15],"product_tag":[],"_links":{"self":[{"href":"https:\/\/wholesale.altruistsun.com\/de\/wp-json\/wp\/v2\/product\/7636"}],"collection":[{"href":"https:\/\/wholesale.altruistsun.com\/de\/wp-json\/wp\/v2\/product"}],"about":[{"href":"https:\/\/wholesale.altruistsun.com\/de\/wp-json\/wp\/v2\/types\/product"}],"wp:featuredmedia":[{"embeddable":true,"href":"https:\/\/wholesale.altruistsun.com\/de\/wp-json\/wp\/v2\/media\/7637"}],"wp:attachment":[{"href":"https:\/\/wholesale.altruistsun.com\/de\/wp-json\/wp\/v2\/media?parent=7636"}],"wp:term":[{"taxonomy":"product_cat","embeddable":true,"href":"https:\/\/wholesale.altruistsun.com\/de\/wp-json\/wp\/v2\/product_cat?post=7636"},{"taxonomy":"product_tag","embeddable":true,"href":"https:\/\/wholesale.altruistsun.com\/de\/wp-json\/wp\/v2\/product_tag?post=7636"}],"curies":[{"name":"wp","href":"https:\/\/api.w.org\/{rel}","templated":true}]}}