{"id":7708,"date":"2022-12-01T10:57:39","date_gmt":"2022-12-01T10:57:39","guid":{"rendered":"https:\/\/wholesale.altruistsun.com\/?post_type=product&#038;p=7708"},"modified":"2026-04-30T10:32:49","modified_gmt":"2026-04-30T10:32:49","slug":"hand-cream-ean-8719327597842","status":"publish","type":"product","link":"https:\/\/wholesale.altruistsun.com\/de\/care\/hand-cream-ean-8719327597842\/","title":{"rendered":"ALTRUIST HAND REPAIR CREME 10% HARNSTOFF 75ML - EAN 8719327597842"},"content":{"rendered":"","protected":false},"excerpt":{"rendered":"<p><strong>BITTE BEACHTEN: letzte verf\u00fcgbare Charge EXP 02\/2026<\/strong><\/p>\n<p>Altruist Dermatologen Hand Repair Creme mit 10% Urea. Entwickelt f\u00fcr sehr trockene Haut, mit Urea, Glycerin, Panthenol und Bisabolol. Entwickelt von dem beratenden Dermatologen Dr. Andrew Birnie. Stellt die Feuchtigkeit an schwer arbeitenden H\u00e4nden wieder her und sch\u00fctzt die Haut vor Trockenheit und Schuppenbildung. Diese Hand Repair Cream hat eine konzentrierte Formel - f\u00fcr jede Anwendung wird nur ein Klecks ben\u00f6tigt. Praktische Gr\u00f6\u00dfe zum Mitnehmen f\u00fcr die Feuchtigkeitspflege nach jedem H\u00e4ndewaschen.<\/p>","protected":false},"featured_media":7717,"template":"","meta":[],"product_cat":[70],"product_tag":[],"_links":{"self":[{"href":"https:\/\/wholesale.altruistsun.com\/de\/wp-json\/wp\/v2\/product\/7708"}],"collection":[{"href":"https:\/\/wholesale.altruistsun.com\/de\/wp-json\/wp\/v2\/product"}],"about":[{"href":"https:\/\/wholesale.altruistsun.com\/de\/wp-json\/wp\/v2\/types\/product"}],"wp:featuredmedia":[{"embeddable":true,"href":"https:\/\/wholesale.altruistsun.com\/de\/wp-json\/wp\/v2\/media\/7717"}],"wp:attachment":[{"href":"https:\/\/wholesale.altruistsun.com\/de\/wp-json\/wp\/v2\/media?parent=7708"}],"wp:term":[{"taxonomy":"product_cat","embeddable":true,"href":"https:\/\/wholesale.altruistsun.com\/de\/wp-json\/wp\/v2\/product_cat?post=7708"},{"taxonomy":"product_tag","embeddable":true,"href":"https:\/\/wholesale.altruistsun.com\/de\/wp-json\/wp\/v2\/product_tag?post=7708"}],"curies":[{"name":"wp","href":"https:\/\/api.w.org\/{rel}","templated":true}]}}