{"id":7956,"date":"2023-08-31T09:28:52","date_gmt":"2023-08-31T09:28:52","guid":{"rendered":"https:\/\/wholesale.altruistsun.com\/?post_type=product&#038;p=7956"},"modified":"2026-04-16T11:44:58","modified_gmt":"2026-04-16T11:44:58","slug":"altruist-primer-spf50-30-ml","status":"publish","type":"product","link":"https:\/\/wholesale.altruistsun.com\/de\/care\/altruist-primer-spf50-30-ml\/","title":{"rendered":"ALTRUIST GRUNDIERUNG SPF50 30 ML - EAN 8720865230078"},"content":{"rendered":"","protected":false},"excerpt":{"rendered":"<p>Leichte Grundierung mit SPF 50, Breitspektrum-UV-Schutz. Unter dem Make-up auftragen. Minimieren Sie das Risiko von Hautkrebs und Hautalterung mit Breitband-SPF 50 und 5-Stunden-UVA-Schutz (PPD 48). Diese leichte Grundierung f\u00fchlt sich nicht schwer an und hinterl\u00e4sst keine klebrigen R\u00fcckst\u00e4nde auf der Haut, wie es bei vielen Sonnencremes der Fall ist.<\/p>\n<ul>\n<li>Hypoallergen<\/li>\n<li>Nicht komedogen<\/li>\n<li>Frei von Parf\u00fcm und Parabenen<\/li>\n<li>Wasserfest<\/li>\n<\/ul>","protected":false},"featured_media":7958,"template":"","meta":[],"product_cat":[70],"product_tag":[],"_links":{"self":[{"href":"https:\/\/wholesale.altruistsun.com\/de\/wp-json\/wp\/v2\/product\/7956"}],"collection":[{"href":"https:\/\/wholesale.altruistsun.com\/de\/wp-json\/wp\/v2\/product"}],"about":[{"href":"https:\/\/wholesale.altruistsun.com\/de\/wp-json\/wp\/v2\/types\/product"}],"wp:featuredmedia":[{"embeddable":true,"href":"https:\/\/wholesale.altruistsun.com\/de\/wp-json\/wp\/v2\/media\/7958"}],"wp:attachment":[{"href":"https:\/\/wholesale.altruistsun.com\/de\/wp-json\/wp\/v2\/media?parent=7956"}],"wp:term":[{"taxonomy":"product_cat","embeddable":true,"href":"https:\/\/wholesale.altruistsun.com\/de\/wp-json\/wp\/v2\/product_cat?post=7956"},{"taxonomy":"product_tag","embeddable":true,"href":"https:\/\/wholesale.altruistsun.com\/de\/wp-json\/wp\/v2\/product_tag?post=7956"}],"curies":[{"name":"wp","href":"https:\/\/api.w.org\/{rel}","templated":true}]}}