{"id":8034,"date":"2024-03-01T09:20:46","date_gmt":"2024-03-01T09:20:46","guid":{"rendered":"https:\/\/wholesale.altruistsun.com\/?post_type=product&#038;p=8034"},"modified":"2026-04-16T11:38:55","modified_gmt":"2026-04-16T11:38:55","slug":"altruist-sunscreen-spf-50-25ml-ean-8720865230085","status":"publish","type":"product","link":"https:\/\/wholesale.altruistsun.com\/de\/sunscreen\/altruist-sunscreen-spf-50-25ml-ean-8720865230085\/","title":{"rendered":"ALTRUIST SONNENSCHUTZMITTEL SPF 50 25ML - EAN 8720865230085"},"content":{"rendered":"","protected":false},"excerpt":{"rendered":"<div id=\"row-1099734704\" class=\"row\">\n<div id=\"col-441329383\" class=\"col small-12 large-12\">\n<div class=\"col-inner\">\n<div class=\"icon-box featured-box icon-box-left text-left\">\n<div class=\"icon-box-img\">\n<div class=\"icon\"><\/div>\n<\/div>\n<\/div>\n<div class=\"icon-box featured-box icon-box-left text-left\">\n<div class=\"icon-box-img\">\n<div class=\"icon\">\n<div class=\"icon-inner\"><span style=\"color: #555555;\">Im Jahr 2021 wurden 49% aller Verpackungen aus recyceltem Kunststoff hergestellt<\/span><\/div>\n<\/div>\n<\/div>\n<\/div>\n<\/div>\n<\/div>\n<\/div>\n<div class=\"product-short-description\">\n<p><em><strong>Kann auch f\u00fcr Kinder verwendet werden<\/strong><\/em><br \/>\n<img loading=\"lazy\" decoding=\"async\" src=\"https:\/\/altruistsun.com\/wp-content\/uploads\/2021\/04\/child_Tekengebied-1-1.png\" alt=\"Girl in a jacket\" width=\"20\" height=\"20\" \/>\u00a0 \u00a0geeignet f\u00fcr Babys und Kinder (+6 Monate)<\/p>\n<div><\/div>\n<p>Von Dermatologen spezifiziertes Familien-Sonnenspray SPF50 mit einem 5-Sterne-UVA-Schutz (PPD 48), das von dem Dermatologen Dr. Andrew Birnie entwickelt wurde. Das SPF50-Spray ist f\u00fcr die ganze Familie geeignet, einschlie\u00dflich Babys (ab 6 Monaten) und Kinder. Das Produkt wird in einem neuen Trigger-Spray-Format geliefert, das eine einfache Anwendung auch f\u00fcr die zappeligsten K\u00f6rper gew\u00e4hrleistet. Mit seiner rifffreundlichen Formulierung ist dieses Sonnenschutzmittel perfekt f\u00fcr einen Tag am Strand geeignet, ohne dass man mehrere verschiedene Lichtschutzfaktoren mit sich f\u00fchren muss. Sie bietet einen Breitspektrumschutz gegen UVA- und UVB-Strahlung und \u00fcbertrifft damit die EU-Normen. Die Formel wurde f\u00fcr empfindliche Haut entwickelt und ist frei von Duftstoffen und Parabenen.<\/p>\n<ul>\n<li>Vegan<\/li>\n<li>Geeignet f\u00fcr empfindliche Haut<\/li>\n<li>Wasserfest<\/li>\n<li>Frei von Parf\u00fcm und Parabenen<\/li>\n<\/ul>\n<\/div>","protected":false},"featured_media":8031,"template":"","meta":[],"product_cat":[15],"product_tag":[],"_links":{"self":[{"href":"https:\/\/wholesale.altruistsun.com\/de\/wp-json\/wp\/v2\/product\/8034"}],"collection":[{"href":"https:\/\/wholesale.altruistsun.com\/de\/wp-json\/wp\/v2\/product"}],"about":[{"href":"https:\/\/wholesale.altruistsun.com\/de\/wp-json\/wp\/v2\/types\/product"}],"wp:featuredmedia":[{"embeddable":true,"href":"https:\/\/wholesale.altruistsun.com\/de\/wp-json\/wp\/v2\/media\/8031"}],"wp:attachment":[{"href":"https:\/\/wholesale.altruistsun.com\/de\/wp-json\/wp\/v2\/media?parent=8034"}],"wp:term":[{"taxonomy":"product_cat","embeddable":true,"href":"https:\/\/wholesale.altruistsun.com\/de\/wp-json\/wp\/v2\/product_cat?post=8034"},{"taxonomy":"product_tag","embeddable":true,"href":"https:\/\/wholesale.altruistsun.com\/de\/wp-json\/wp\/v2\/product_tag?post=8034"}],"curies":[{"name":"wp","href":"https:\/\/api.w.org\/{rel}","templated":true}]}}