{"id":8153,"date":"2024-06-20T10:46:35","date_gmt":"2024-06-20T10:46:35","guid":{"rendered":"https:\/\/wholesale.altruistsun.com\/?post_type=product&#038;p=8153"},"modified":"2026-04-22T14:43:50","modified_gmt":"2026-04-22T14:43:50","slug":"altruist-moisturising-fluid-spf50-50ml-ean-8720865230337","status":"publish","type":"product","link":"https:\/\/wholesale.altruistsun.com\/de\/care\/altruist-moisturising-fluid-spf50-50ml-ean-8720865230337\/","title":{"rendered":"ALTRUIST FEUCHTIGKEITSSPENDENDES FLUID SPF50 50ML - EAN 8720865230337"},"content":{"rendered":"<h1>Wegbeschreibung:<\/h1>\n<p>Unser feuchtigkeitsspendendes Gesichtsfluid kann als Tagescreme verwendet werden.<\/p>\n<p>&nbsp;<\/p>\n<p>&nbsp;<\/p>","protected":false},"excerpt":{"rendered":"<p>Diese Creme mit Lichtschutzfaktor 50 sorgt f\u00fcr ein jugendlicheres, strahlenderes Aussehen der Haut, indem sie Hyalurons\u00e4ure mit niedrigem Molekulargewicht verwendet, die tief in die Epidermis eindringt. Angereichert mit Glycerin und Harnstoff, um die nat\u00fcrlichen Feuchtigkeitsfaktoren der Haut zu st\u00e4rken, ist die leichte Formulierung die perfekte Feuchtigkeitscreme f\u00fcr das Gesicht.<\/p>\n<h2><\/h2>","protected":false},"featured_media":8169,"template":"","meta":[],"product_cat":[70],"product_tag":[],"_links":{"self":[{"href":"https:\/\/wholesale.altruistsun.com\/de\/wp-json\/wp\/v2\/product\/8153"}],"collection":[{"href":"https:\/\/wholesale.altruistsun.com\/de\/wp-json\/wp\/v2\/product"}],"about":[{"href":"https:\/\/wholesale.altruistsun.com\/de\/wp-json\/wp\/v2\/types\/product"}],"wp:featuredmedia":[{"embeddable":true,"href":"https:\/\/wholesale.altruistsun.com\/de\/wp-json\/wp\/v2\/media\/8169"}],"wp:attachment":[{"href":"https:\/\/wholesale.altruistsun.com\/de\/wp-json\/wp\/v2\/media?parent=8153"}],"wp:term":[{"taxonomy":"product_cat","embeddable":true,"href":"https:\/\/wholesale.altruistsun.com\/de\/wp-json\/wp\/v2\/product_cat?post=8153"},{"taxonomy":"product_tag","embeddable":true,"href":"https:\/\/wholesale.altruistsun.com\/de\/wp-json\/wp\/v2\/product_tag?post=8153"}],"curies":[{"name":"wp","href":"https:\/\/api.w.org\/{rel}","templated":true}]}}