{"id":8360,"date":"2025-07-07T14:44:02","date_gmt":"2025-07-07T14:44:02","guid":{"rendered":"https:\/\/wholesale.altruistsun.com\/?post_type=product&#038;p=8360"},"modified":"2026-04-16T11:26:37","modified_gmt":"2026-04-16T11:26:37","slug":"altruist-oily-skin-cream-spf50-50ml-ean-8720865230320","status":"publish","type":"product","link":"https:\/\/wholesale.altruistsun.com\/de\/care\/altruist-oily-skin-cream-spf50-50ml-ean-8720865230320\/","title":{"rendered":"ALTRUIST FETTIGE HAUT CREME SPF50 50ML - EAN 8720865230320"},"content":{"rendered":"<p>Jeden Morgen gro\u00dfz\u00fcgig auf die gereinigte Haut von Gesicht, Hals und Dekollet\u00e9 auftragen, um die Gesundheit der Haut zu erhalten und die UV-bedingte Hautalterung zu reduzieren. Denken Sie daran, regelm\u00e4\u00dfig Sonnenschutzmittel aufzutragen, wenn Sie sich im Freien aufhalten.<\/p>\n<p>&nbsp;<\/p>\n<p>&nbsp;<\/p>","protected":false},"excerpt":{"rendered":"<p data-start=\"509\" data-end=\"733\">Die vom beratenden Dermatologen und Hautkrebschirurg Dr. Andrew Birnie entwickelte Altruist Oily Skin Cream SPF50 (PPD 20) ist ein leistungsstarker Breitband-Sonnenschutz, der speziell f\u00fcr fettige und zu Akne neigende Haut entwickelt wurde.<\/p>\n<p data-start=\"735\" data-end=\"1009\">Diese leichte, \u00f6lfreie Formel bietet einen starken UVA- und UVB-Schutz. Angereichert mit Vitamin E und mattierenden Wirkstoffen auf St\u00e4rkebasis bietet sie ein trockenes, glanzfreies Finish, ideal f\u00fcr empfindliche oder zu Unreinheiten neigende Haut.<\/p>\n<h2><\/h2>","protected":false},"featured_media":8361,"template":"","meta":[],"product_cat":[70],"product_tag":[],"_links":{"self":[{"href":"https:\/\/wholesale.altruistsun.com\/de\/wp-json\/wp\/v2\/product\/8360"}],"collection":[{"href":"https:\/\/wholesale.altruistsun.com\/de\/wp-json\/wp\/v2\/product"}],"about":[{"href":"https:\/\/wholesale.altruistsun.com\/de\/wp-json\/wp\/v2\/types\/product"}],"wp:featuredmedia":[{"embeddable":true,"href":"https:\/\/wholesale.altruistsun.com\/de\/wp-json\/wp\/v2\/media\/8361"}],"wp:attachment":[{"href":"https:\/\/wholesale.altruistsun.com\/de\/wp-json\/wp\/v2\/media?parent=8360"}],"wp:term":[{"taxonomy":"product_cat","embeddable":true,"href":"https:\/\/wholesale.altruistsun.com\/de\/wp-json\/wp\/v2\/product_cat?post=8360"},{"taxonomy":"product_tag","embeddable":true,"href":"https:\/\/wholesale.altruistsun.com\/de\/wp-json\/wp\/v2\/product_tag?post=8360"}],"curies":[{"name":"wp","href":"https:\/\/api.w.org\/{rel}","templated":true}]}}