{"id":2228,"date":"2020-07-09T15:19:29","date_gmt":"2020-07-09T15:19:29","guid":{"rendered":"https:\/\/wholesale.altruistsun.com\/?post_type=product&#038;p=2228"},"modified":"2026-04-30T10:32:49","modified_gmt":"2026-04-30T10:32:49","slug":"altruist-sunscreen-spf-50","status":"publish","type":"product","link":"https:\/\/wholesale.altruistsun.com\/es\/sunscreen\/altruist-sunscreen-spf-50\/","title":{"rendered":"Protector Solar Altruista SPF50 100ml - EAN 8719327597866"},"content":{"rendered":"<h1>C\u00f3mo llegar:<\/h1>\n<p>Aplicar generosamente 20 minutos antes de salir. Volver a aplicar a menudo. Evitar el contacto con los ojos.<\/p>\n<p>&nbsp;<\/p>\n<p>&nbsp;<\/p>","protected":false},"excerpt":{"rendered":"<p>Protector solar facial antioxidante hidratante con una clasificaci\u00f3n ultra UVA de 5 estrellas (PPD 52). Proporciona protecci\u00f3n de amplio espectro frente a la radiaci\u00f3n UVA y UVB, superando las normas de la UE. Enriquecido con vitamina E para prevenir el da\u00f1o celular de los radicales libres inducidos por los rayos UV y las especies reactivas del ox\u00edgeno. La f\u00f3rmula est\u00e1 dise\u00f1ada para pieles sensibles y para ayudar a reducir el riesgo de c\u00e1ncer de piel y envejecimiento cut\u00e1neo prematuro.<\/p>\n<ul>\n<li>Hipoalerg\u00e9nico<\/li>\n<li>No comedog\u00e9nico<\/li>\n<li>Sin perfume ni parabenos<\/li>\n<li>Resistente al agua<\/li>\n<\/ul>","protected":false},"featured_media":7354,"template":"","meta":[],"product_cat":[15],"product_tag":[],"_links":{"self":[{"href":"https:\/\/wholesale.altruistsun.com\/es\/wp-json\/wp\/v2\/product\/2228"}],"collection":[{"href":"https:\/\/wholesale.altruistsun.com\/es\/wp-json\/wp\/v2\/product"}],"about":[{"href":"https:\/\/wholesale.altruistsun.com\/es\/wp-json\/wp\/v2\/types\/product"}],"wp:featuredmedia":[{"embeddable":true,"href":"https:\/\/wholesale.altruistsun.com\/es\/wp-json\/wp\/v2\/media\/7354"}],"wp:attachment":[{"href":"https:\/\/wholesale.altruistsun.com\/es\/wp-json\/wp\/v2\/media?parent=2228"}],"wp:term":[{"taxonomy":"product_cat","embeddable":true,"href":"https:\/\/wholesale.altruistsun.com\/es\/wp-json\/wp\/v2\/product_cat?post=2228"},{"taxonomy":"product_tag","embeddable":true,"href":"https:\/\/wholesale.altruistsun.com\/es\/wp-json\/wp\/v2\/product_tag?post=2228"}],"curies":[{"name":"wp","href":"https:\/\/api.w.org\/{rel}","templated":true}]}}