{"id":7636,"date":"2022-08-08T13:32:32","date_gmt":"2022-08-08T13:32:32","guid":{"rendered":"https:\/\/wholesale.altruistsun.com\/?post_type=product&#038;p=7636"},"modified":"2026-05-01T20:20:06","modified_gmt":"2026-05-01T20:20:06","slug":"altruist-face-fluid-spf30-50ml-ean-8719327597835","status":"publish","type":"product","link":"https:\/\/wholesale.altruistsun.com\/es\/sunscreen\/altruist-face-fluid-spf30-50ml-ean-8719327597835\/","title":{"rendered":"Altruist Fluido Facial SPF30 50ML - EAN 8719327597835"},"content":{"rendered":"","protected":false},"excerpt":{"rendered":"<p>Protector solar facial antioxidante hidratante con una clasificaci\u00f3n ultra UVA de 5 estrellas (PPD 39). Ofrece protecci\u00f3n de amplio espectro frente a la radiaci\u00f3n UVA y UVB, superando las normas de la UE. Enriquecido con vitamina E para prevenir el da\u00f1o celular de los radicales libres inducidos por los rayos UV y las especies reactivas del ox\u00edgeno. La f\u00f3rmula est\u00e1 dise\u00f1ada para pieles sensibles y para ayudar a reducir el riesgo de c\u00e1ncer de piel y envejecimiento cut\u00e1neo prematuro. Este fluido facial tiene muchos beneficios para la piel:<\/p>\n<ul>\n<li>Hipoalerg\u00e9nico<\/li>\n<li>No comedog\u00e9nico<\/li>\n<li>Sin perfume ni parabenos<\/li>\n<li>Resistente al agua<\/li>\n<\/ul>","protected":false},"featured_media":7637,"template":"","meta":[],"product_cat":[15],"product_tag":[],"_links":{"self":[{"href":"https:\/\/wholesale.altruistsun.com\/es\/wp-json\/wp\/v2\/product\/7636"}],"collection":[{"href":"https:\/\/wholesale.altruistsun.com\/es\/wp-json\/wp\/v2\/product"}],"about":[{"href":"https:\/\/wholesale.altruistsun.com\/es\/wp-json\/wp\/v2\/types\/product"}],"wp:featuredmedia":[{"embeddable":true,"href":"https:\/\/wholesale.altruistsun.com\/es\/wp-json\/wp\/v2\/media\/7637"}],"wp:attachment":[{"href":"https:\/\/wholesale.altruistsun.com\/es\/wp-json\/wp\/v2\/media?parent=7636"}],"wp:term":[{"taxonomy":"product_cat","embeddable":true,"href":"https:\/\/wholesale.altruistsun.com\/es\/wp-json\/wp\/v2\/product_cat?post=7636"},{"taxonomy":"product_tag","embeddable":true,"href":"https:\/\/wholesale.altruistsun.com\/es\/wp-json\/wp\/v2\/product_tag?post=7636"}],"curies":[{"name":"wp","href":"https:\/\/api.w.org\/{rel}","templated":true}]}}