{"id":7709,"date":"2022-12-01T10:57:36","date_gmt":"2022-12-01T10:57:36","guid":{"rendered":"https:\/\/wholesale.altruistsun.com\/?post_type=product&#038;p=7709"},"modified":"2026-04-16T12:01:58","modified_gmt":"2026-04-16T12:01:58","slug":"body-lotion-ean-8719327597859","status":"publish","type":"product","link":"https:\/\/wholesale.altruistsun.com\/es\/care-es\/body-lotion-ean-8719327597859\/","title":{"rendered":"ALTRUIST LOCI\u00d3N CORPORAL HIDRATANTE 6% UREA 200ml - EAN 8719327597859"},"content":{"rendered":"","protected":false},"excerpt":{"rendered":"<p><strong>ATENCI\u00d3N: \u00faltimo lote disponible EXP 02\/2026<\/strong><\/p>\n<p>Loci\u00f3n corporal hidratante dermatol\u00f3gica con Urea 6% con una f\u00f3rmula ligera y de r\u00e1pida absorci\u00f3n. Formulada con urea, glicerina, manteca de karit\u00e9 y pantenol, creada por el Dr. Andrew Birnie. Esta loci\u00f3n restaura y repara la piel seca y con picores. Puede ser utilizada a diario por todo tipo de pieles y ha sido desarrollada para pieles sensibles.<\/p>","protected":false},"featured_media":7718,"template":"","meta":[],"product_cat":[82],"product_tag":[],"_links":{"self":[{"href":"https:\/\/wholesale.altruistsun.com\/es\/wp-json\/wp\/v2\/product\/7709"}],"collection":[{"href":"https:\/\/wholesale.altruistsun.com\/es\/wp-json\/wp\/v2\/product"}],"about":[{"href":"https:\/\/wholesale.altruistsun.com\/es\/wp-json\/wp\/v2\/types\/product"}],"wp:featuredmedia":[{"embeddable":true,"href":"https:\/\/wholesale.altruistsun.com\/es\/wp-json\/wp\/v2\/media\/7718"}],"wp:attachment":[{"href":"https:\/\/wholesale.altruistsun.com\/es\/wp-json\/wp\/v2\/media?parent=7709"}],"wp:term":[{"taxonomy":"product_cat","embeddable":true,"href":"https:\/\/wholesale.altruistsun.com\/es\/wp-json\/wp\/v2\/product_cat?post=7709"},{"taxonomy":"product_tag","embeddable":true,"href":"https:\/\/wholesale.altruistsun.com\/es\/wp-json\/wp\/v2\/product_tag?post=7709"}],"curies":[{"name":"wp","href":"https:\/\/api.w.org\/{rel}","templated":true}]}}