{"id":7956,"date":"2023-08-31T09:28:52","date_gmt":"2023-08-31T09:28:52","guid":{"rendered":"https:\/\/wholesale.altruistsun.com\/?post_type=product&#038;p=7956"},"modified":"2026-04-16T11:44:58","modified_gmt":"2026-04-16T11:44:58","slug":"altruist-primer-spf50-30-ml","status":"publish","type":"product","link":"https:\/\/wholesale.altruistsun.com\/es\/care\/altruist-primer-spf50-30-ml\/","title":{"rendered":"ALTRUIST PRIMER SPF50 30 ML - EAN 8720865230078"},"content":{"rendered":"","protected":false},"excerpt":{"rendered":"<p>Imprimaci\u00f3n ligera con FPS 50, protecci\u00f3n UV de amplio espectro. Aplicar bajo el maquillaje. Minimiza el riesgo de c\u00e1ncer de piel y envejecimiento cut\u00e1neo con un SPF50 de amplio espectro y protecci\u00f3n ultra UVA de 5 estrellas (PPD 48). Esta ligera prebase no resulta pesada ni deja residuos pegajosos en la piel, como ocurre con muchas cremas solares.<\/p>\n<ul>\n<li>Hipoalerg\u00e9nico<\/li>\n<li>No comedog\u00e9nico<\/li>\n<li>Sin perfume ni parabenos<\/li>\n<li>Resistente al agua<\/li>\n<\/ul>","protected":false},"featured_media":7958,"template":"","meta":[],"product_cat":[70],"product_tag":[],"_links":{"self":[{"href":"https:\/\/wholesale.altruistsun.com\/es\/wp-json\/wp\/v2\/product\/7956"}],"collection":[{"href":"https:\/\/wholesale.altruistsun.com\/es\/wp-json\/wp\/v2\/product"}],"about":[{"href":"https:\/\/wholesale.altruistsun.com\/es\/wp-json\/wp\/v2\/types\/product"}],"wp:featuredmedia":[{"embeddable":true,"href":"https:\/\/wholesale.altruistsun.com\/es\/wp-json\/wp\/v2\/media\/7958"}],"wp:attachment":[{"href":"https:\/\/wholesale.altruistsun.com\/es\/wp-json\/wp\/v2\/media?parent=7956"}],"wp:term":[{"taxonomy":"product_cat","embeddable":true,"href":"https:\/\/wholesale.altruistsun.com\/es\/wp-json\/wp\/v2\/product_cat?post=7956"},{"taxonomy":"product_tag","embeddable":true,"href":"https:\/\/wholesale.altruistsun.com\/es\/wp-json\/wp\/v2\/product_tag?post=7956"}],"curies":[{"name":"wp","href":"https:\/\/api.w.org\/{rel}","templated":true}]}}