{"id":8034,"date":"2024-03-01T09:20:46","date_gmt":"2024-03-01T09:20:46","guid":{"rendered":"https:\/\/wholesale.altruistsun.com\/?post_type=product&#038;p=8034"},"modified":"2026-04-16T11:38:55","modified_gmt":"2026-04-16T11:38:55","slug":"altruist-sunscreen-spf-50-25ml-ean-8720865230085","status":"publish","type":"product","link":"https:\/\/wholesale.altruistsun.com\/es\/sunscreen\/altruist-sunscreen-spf-50-25ml-ean-8720865230085\/","title":{"rendered":"PROTECTOR SOLAR ALTRUISTA SPF 50 25ML - EAN 8720865230085"},"content":{"rendered":"","protected":false},"excerpt":{"rendered":"<div id=\"row-1099734704\" class=\"row\">\n<div id=\"col-441329383\" class=\"col small-12 large-12\">\n<div class=\"col-inner\">\n<div class=\"icon-box featured-box icon-box-left text-left\">\n<div class=\"icon-box-img\">\n<div class=\"icon\"><\/div>\n<\/div>\n<\/div>\n<div class=\"icon-box featured-box icon-box-left text-left\">\n<div class=\"icon-box-img\">\n<div class=\"icon\">\n<div class=\"icon-inner\"><span style=\"color: #555555;\">En 2021, 49% de todos los envases se fabricaron con pl\u00e1stico reciclado<\/span><\/div>\n<\/div>\n<\/div>\n<\/div>\n<\/div>\n<\/div>\n<\/div>\n<div class=\"product-short-description\">\n<p><em><strong>Tambi\u00e9n puede utilizarse para ni\u00f1os<\/strong><\/em><br \/>\n<img loading=\"lazy\" decoding=\"async\" src=\"https:\/\/altruistsun.com\/wp-content\/uploads\/2021\/04\/child_Tekengebied-1-1.png\" alt=\"Girl in a jacket\" width=\"20\" height=\"20\" \/>\u00a0 \u00a0adecuado para beb\u00e9s y ni\u00f1os (+6 meses)<\/p>\n<div><\/div>\n<p>Spray solar familiar SPF50 con protecci\u00f3n UVA de 5 estrellas (PPD 48) creado por el dermat\u00f3logo Dr. Andrew Birnie. El spray SPF50 es adecuado para toda la familia, incluidos beb\u00e9s (+6 meses) y ni\u00f1os. El producto se presenta en un nuevo formato de pulverizador con gatillo, que garantiza una f\u00e1cil aplicaci\u00f3n incluso en los cuerpos m\u00e1s inquietos. Gracias a su f\u00f3rmula respetuosa con los arrecifes, este protector solar es perfecto para un d\u00eda en la playa, sin necesidad de llevar varios SPF diferentes. Ofrece una protecci\u00f3n de amplio espectro frente a la radiaci\u00f3n UVA y UVB, superando las normas de la UE. La f\u00f3rmula est\u00e1 dise\u00f1ada para pieles sensibles y no contiene perfume ni parabenos.<\/p>\n<ul>\n<li>Vegano<\/li>\n<li>Apto para pieles sensibles<\/li>\n<li>Resistente al agua<\/li>\n<li>Sin perfume ni parabenos<\/li>\n<\/ul>\n<\/div>","protected":false},"featured_media":8031,"template":"","meta":[],"product_cat":[15],"product_tag":[],"_links":{"self":[{"href":"https:\/\/wholesale.altruistsun.com\/es\/wp-json\/wp\/v2\/product\/8034"}],"collection":[{"href":"https:\/\/wholesale.altruistsun.com\/es\/wp-json\/wp\/v2\/product"}],"about":[{"href":"https:\/\/wholesale.altruistsun.com\/es\/wp-json\/wp\/v2\/types\/product"}],"wp:featuredmedia":[{"embeddable":true,"href":"https:\/\/wholesale.altruistsun.com\/es\/wp-json\/wp\/v2\/media\/8031"}],"wp:attachment":[{"href":"https:\/\/wholesale.altruistsun.com\/es\/wp-json\/wp\/v2\/media?parent=8034"}],"wp:term":[{"taxonomy":"product_cat","embeddable":true,"href":"https:\/\/wholesale.altruistsun.com\/es\/wp-json\/wp\/v2\/product_cat?post=8034"},{"taxonomy":"product_tag","embeddable":true,"href":"https:\/\/wholesale.altruistsun.com\/es\/wp-json\/wp\/v2\/product_tag?post=8034"}],"curies":[{"name":"wp","href":"https:\/\/api.w.org\/{rel}","templated":true}]}}