{"id":8153,"date":"2024-06-20T10:46:35","date_gmt":"2024-06-20T10:46:35","guid":{"rendered":"https:\/\/wholesale.altruistsun.com\/?post_type=product&#038;p=8153"},"modified":"2026-04-22T14:43:50","modified_gmt":"2026-04-22T14:43:50","slug":"altruist-moisturising-fluid-spf50-50ml-ean-8720865230337","status":"publish","type":"product","link":"https:\/\/wholesale.altruistsun.com\/es\/care\/altruist-moisturising-fluid-spf50-50ml-ean-8720865230337\/","title":{"rendered":"ALTRUIST FLUIDO HIDRATANTE SPF50 50ML - EAN 8720865230337"},"content":{"rendered":"<h1>C\u00f3mo llegar:<\/h1>\n<p>Nuestro fluido facial hidratante puede utilizarse como crema de d\u00eda.<\/p>\n<p>&nbsp;<\/p>\n<p>&nbsp;<\/p>","protected":false},"excerpt":{"rendered":"<p>Esta crema, que incluye protecci\u00f3n SPF50, est\u00e1 dise\u00f1ada para conseguir una piel m\u00e1s joven y radiante mediante el uso de \u00e1cido hialur\u00f3nico de bajo peso molecular que penetra profundamente en la epidermis. Enriquecida con glicerina y urea para potenciar los factores hidratantes naturales de la piel, su f\u00f3rmula ligera la convierte en la hidratante facial perfecta.<\/p>\n<h2><\/h2>","protected":false},"featured_media":8169,"template":"","meta":[],"product_cat":[70],"product_tag":[],"_links":{"self":[{"href":"https:\/\/wholesale.altruistsun.com\/es\/wp-json\/wp\/v2\/product\/8153"}],"collection":[{"href":"https:\/\/wholesale.altruistsun.com\/es\/wp-json\/wp\/v2\/product"}],"about":[{"href":"https:\/\/wholesale.altruistsun.com\/es\/wp-json\/wp\/v2\/types\/product"}],"wp:featuredmedia":[{"embeddable":true,"href":"https:\/\/wholesale.altruistsun.com\/es\/wp-json\/wp\/v2\/media\/8169"}],"wp:attachment":[{"href":"https:\/\/wholesale.altruistsun.com\/es\/wp-json\/wp\/v2\/media?parent=8153"}],"wp:term":[{"taxonomy":"product_cat","embeddable":true,"href":"https:\/\/wholesale.altruistsun.com\/es\/wp-json\/wp\/v2\/product_cat?post=8153"},{"taxonomy":"product_tag","embeddable":true,"href":"https:\/\/wholesale.altruistsun.com\/es\/wp-json\/wp\/v2\/product_tag?post=8153"}],"curies":[{"name":"wp","href":"https:\/\/api.w.org\/{rel}","templated":true}]}}