{"id":8360,"date":"2025-07-07T14:44:02","date_gmt":"2025-07-07T14:44:02","guid":{"rendered":"https:\/\/wholesale.altruistsun.com\/?post_type=product&#038;p=8360"},"modified":"2026-04-16T11:26:37","modified_gmt":"2026-04-16T11:26:37","slug":"altruist-oily-skin-cream-spf50-50ml-ean-8720865230320","status":"publish","type":"product","link":"https:\/\/wholesale.altruistsun.com\/es\/care\/altruist-oily-skin-cream-spf50-50ml-ean-8720865230320\/","title":{"rendered":"ALTRUIST CREMA PIEL GRASA SPF50 50ML - EAN 8720865230320"},"content":{"rendered":"<p>Aplicar generosamente todas las ma\u00f1anas sobre la piel limpia del rostro, cuello y escote para conseguir una salud \u00f3ptima de la piel y reducir el envejecimiento cut\u00e1neo relacionado con los rayos UV. No olvide aplicar regularmente protecci\u00f3n solar si pasa tiempo al aire libre.<\/p>\n<p>&nbsp;<\/p>\n<p>&nbsp;<\/p>","protected":false},"excerpt":{"rendered":"<p data-start=\"509\" data-end=\"733\">Desarrollada por el Dr. Andrew Birnie, dermat\u00f3logo y cirujano especializado en c\u00e1ncer de piel, Altruist Crema Piel Grasa SPF50 (PPD 20) es un protector solar de alto rendimiento y amplio espectro dise\u00f1ado espec\u00edficamente para pieles grasas y con tendencia acneica.<\/p>\n<p data-start=\"735\" data-end=\"1009\">Esta f\u00f3rmula ligera y no grasa ofrece una potente protecci\u00f3n contra los rayos UVA y UVB. Enriquecida con vitamina E y matificantes a base de almid\u00f3n, proporciona un acabado de tacto seco y sin brillos, ideal para cutis sensibles o propensos a las imperfecciones.<\/p>\n<h2><\/h2>","protected":false},"featured_media":8361,"template":"","meta":[],"product_cat":[70],"product_tag":[],"_links":{"self":[{"href":"https:\/\/wholesale.altruistsun.com\/es\/wp-json\/wp\/v2\/product\/8360"}],"collection":[{"href":"https:\/\/wholesale.altruistsun.com\/es\/wp-json\/wp\/v2\/product"}],"about":[{"href":"https:\/\/wholesale.altruistsun.com\/es\/wp-json\/wp\/v2\/types\/product"}],"wp:featuredmedia":[{"embeddable":true,"href":"https:\/\/wholesale.altruistsun.com\/es\/wp-json\/wp\/v2\/media\/8361"}],"wp:attachment":[{"href":"https:\/\/wholesale.altruistsun.com\/es\/wp-json\/wp\/v2\/media?parent=8360"}],"wp:term":[{"taxonomy":"product_cat","embeddable":true,"href":"https:\/\/wholesale.altruistsun.com\/es\/wp-json\/wp\/v2\/product_cat?post=8360"},{"taxonomy":"product_tag","embeddable":true,"href":"https:\/\/wholesale.altruistsun.com\/es\/wp-json\/wp\/v2\/product_tag?post=8360"}],"curies":[{"name":"wp","href":"https:\/\/api.w.org\/{rel}","templated":true}]}}