{"id":6571,"date":"2021-07-15T11:37:20","date_gmt":"2021-07-15T11:37:20","guid":{"rendered":"https:\/\/wholesale.altruistsun.com\/?post_type=product&#038;p=6571"},"modified":"2026-04-30T10:32:49","modified_gmt":"2026-04-30T10:32:49","slug":"moisturising-fluid","status":"publish","type":"product","link":"https:\/\/wholesale.altruistsun.com\/nl\/care\/moisturising-fluid\/","title":{"rendered":"Hydraterende Fluid 0.5% Hyaluronzuur 50ml - EAN 8719327023860"},"content":{"rendered":"<h1>Routebeschrijving:<\/h1>\n<p>Onze hydraterende gezichtsvloeistof kan worden gebruikt als dag- of nachtcr\u00e8me.<\/p>\n<p>&nbsp;<\/p>\n<p>&nbsp;<\/p>","protected":false},"excerpt":{"rendered":"<p>De cr\u00e8me is ontworpen om een jeugdigere, stralende huid te cre\u00ebren door gebruik te maken van hyaluronzuur met een laag moleculair gewicht dat diep in de opperhuid doordringt.  Verrijkt met glycerine, urea en karit\u00e9boter om de natuurlijke hydraterende factoren van de huid te versterken, is de lichte formule de perfecte gezichtscr\u00e8me en kan als dag- of nachtcr\u00e8me worden gebruikt.<\/p>\n<h2>12 stuks<\/h2>","protected":false},"featured_media":7355,"template":"","meta":[],"product_cat":[70],"product_tag":[],"_links":{"self":[{"href":"https:\/\/wholesale.altruistsun.com\/nl\/wp-json\/wp\/v2\/product\/6571"}],"collection":[{"href":"https:\/\/wholesale.altruistsun.com\/nl\/wp-json\/wp\/v2\/product"}],"about":[{"href":"https:\/\/wholesale.altruistsun.com\/nl\/wp-json\/wp\/v2\/types\/product"}],"wp:featuredmedia":[{"embeddable":true,"href":"https:\/\/wholesale.altruistsun.com\/nl\/wp-json\/wp\/v2\/media\/7355"}],"wp:attachment":[{"href":"https:\/\/wholesale.altruistsun.com\/nl\/wp-json\/wp\/v2\/media?parent=6571"}],"wp:term":[{"taxonomy":"product_cat","embeddable":true,"href":"https:\/\/wholesale.altruistsun.com\/nl\/wp-json\/wp\/v2\/product_cat?post=6571"},{"taxonomy":"product_tag","embeddable":true,"href":"https:\/\/wholesale.altruistsun.com\/nl\/wp-json\/wp\/v2\/product_tag?post=6571"}],"curies":[{"name":"wp","href":"https:\/\/api.w.org\/{rel}","templated":true}]}}