{"id":166,"date":"2014-08-08T20:57:29","date_gmt":"2014-08-08T20:57:29","guid":{"rendered":"http:\/\/uxthemes.wpengine.com\/?post_type=product&#038;p=132"},"modified":"2026-04-16T12:36:20","modified_gmt":"2026-04-16T12:36:20","slug":"invisible-sunspray-spf50","status":"publish","type":"product","link":"https:\/\/wholesale.altruistsun.com\/ro\/sunscreen\/invisible-sunspray-spf50\/","title":{"rendered":"Altruist Invisible Sunspray SPF50 200 ml - EAN 8719327597880"},"content":{"rendered":"","protected":false},"excerpt":{"rendered":"<p>Protec\u021bie de \u00eenalt\u0103 calitate, cu spectru larg (UVA \u0219i UVB) (PPD 42). ALTRUIST utilizeaz\u0103 o gam\u0103 larg\u0103 de filtre UV fotostabile. Potrivit pentru utilizarea zilnic\u0103 pe adul\u021bi \u0219i copii. Aplicare u\u0219oar\u0103, doar pulveriza\u021bi \u0219i freca\u021bi! Absorb\u021bie rapid\u0103, neaderent\u0103 \u0219i f\u0103r\u0103 reziduuri.<\/p>\n<ul>\n<li>Hipoalergenic<\/li>\n<li>Non-comedogenic<\/li>\n<li>F\u0103r\u0103 parfum \u0219i parabeni<\/li>\n<li>Rezistent la ap\u0103<\/li>\n<\/ul>","protected":false},"featured_media":7539,"template":"","meta":[],"product_cat":[15],"product_tag":[],"_links":{"self":[{"href":"https:\/\/wholesale.altruistsun.com\/ro\/wp-json\/wp\/v2\/product\/166"}],"collection":[{"href":"https:\/\/wholesale.altruistsun.com\/ro\/wp-json\/wp\/v2\/product"}],"about":[{"href":"https:\/\/wholesale.altruistsun.com\/ro\/wp-json\/wp\/v2\/types\/product"}],"wp:featuredmedia":[{"embeddable":true,"href":"https:\/\/wholesale.altruistsun.com\/ro\/wp-json\/wp\/v2\/media\/7539"}],"wp:attachment":[{"href":"https:\/\/wholesale.altruistsun.com\/ro\/wp-json\/wp\/v2\/media?parent=166"}],"wp:term":[{"taxonomy":"product_cat","embeddable":true,"href":"https:\/\/wholesale.altruistsun.com\/ro\/wp-json\/wp\/v2\/product_cat?post=166"},{"taxonomy":"product_tag","embeddable":true,"href":"https:\/\/wholesale.altruistsun.com\/ro\/wp-json\/wp\/v2\/product_tag?post=166"}],"curies":[{"name":"wp","href":"https:\/\/api.w.org\/{rel}","templated":true}]}}