{"id":2220,"date":"2020-07-09T15:05:52","date_gmt":"2020-07-09T15:05:52","guid":{"rendered":"https:\/\/wholesale.altruistsun.com\/?post_type=product&#038;p=2220"},"modified":"2026-04-16T12:27:54","modified_gmt":"2026-04-16T12:27:54","slug":"altruist-dry-skin-repair-cream","status":"publish","type":"product","link":"https:\/\/wholesale.altruistsun.com\/ro\/care\/altruist-dry-skin-repair-cream\/","title":{"rendered":"Altruist Dry Skin Repair Cream 200 ml - EAN 8719327023846"},"content":{"rendered":"<h1>Direc\u021bii:<\/h1>\n<p>Aplica\u021bi zilnic, \u00een special pe zonele uscate, dup\u0103 sp\u0103lare, pentru beneficii maxime. Utiliza\u021bi-o ca o crem\u0103 de m\u00e2ini pentru a preveni dermatita de contact iritant\u0103. Evita\u021bi ochii \u0219i zonele sensibile.<\/p>\n<p>&nbsp;<\/p>","protected":false},"excerpt":{"rendered":"<div>\n<p>O crem\u0103 protectoare atent echilibrat\u0103, care ajut\u0103 la \u00eent\u0103rirea pielii, la restabilirea func\u021biei de barier\u0103 natural\u0103 a organismului \u0219i la prevenirea pierderii de hidratare. Formulat\u0103 cu uree \u0219i glicerin\u0103 pentru a repara, netezi \u0219i reduce rugozitatea f\u0103r\u0103 irita\u021bii prin restabilirea umidit\u0103\u021bii, promovarea vindec\u0103rii \u0219i \u00eembun\u0103t\u0103\u021birea hidrat\u0103rii. Formulat pentru a sprijini persoanele cu psoriazis, eczeme, dermatite \u0219i piele uscat\u0103, aspr\u0103 sau solzoas\u0103<\/p>\n<ul>\n<li>Hipoalergenic<\/li>\n<li>Non-comedogenic<\/li>\n<li>F\u0103r\u0103 parfum \u0219i parabeni<\/li>\n<\/ul>\n<\/div>","protected":false},"featured_media":7348,"template":"","meta":[],"product_cat":[70],"product_tag":[],"_links":{"self":[{"href":"https:\/\/wholesale.altruistsun.com\/ro\/wp-json\/wp\/v2\/product\/2220"}],"collection":[{"href":"https:\/\/wholesale.altruistsun.com\/ro\/wp-json\/wp\/v2\/product"}],"about":[{"href":"https:\/\/wholesale.altruistsun.com\/ro\/wp-json\/wp\/v2\/types\/product"}],"wp:featuredmedia":[{"embeddable":true,"href":"https:\/\/wholesale.altruistsun.com\/ro\/wp-json\/wp\/v2\/media\/7348"}],"wp:attachment":[{"href":"https:\/\/wholesale.altruistsun.com\/ro\/wp-json\/wp\/v2\/media?parent=2220"}],"wp:term":[{"taxonomy":"product_cat","embeddable":true,"href":"https:\/\/wholesale.altruistsun.com\/ro\/wp-json\/wp\/v2\/product_cat?post=2220"},{"taxonomy":"product_tag","embeddable":true,"href":"https:\/\/wholesale.altruistsun.com\/ro\/wp-json\/wp\/v2\/product_tag?post=2220"}],"curies":[{"name":"wp","href":"https:\/\/api.w.org\/{rel}","templated":true}]}}