{"id":2228,"date":"2020-07-09T15:19:29","date_gmt":"2020-07-09T15:19:29","guid":{"rendered":"https:\/\/wholesale.altruistsun.com\/?post_type=product&#038;p=2228"},"modified":"2026-04-30T10:32:49","modified_gmt":"2026-04-30T10:32:49","slug":"altruist-sunscreen-spf-50","status":"publish","type":"product","link":"https:\/\/wholesale.altruistsun.com\/ro\/sunscreen\/altruist-sunscreen-spf-50\/","title":{"rendered":"Altruist Sunscreen SPF50 100ml - EAN 8719327597866"},"content":{"rendered":"<h1>Direc\u021bii:<\/h1>\n<p>Aplica\u021bi cu generozitate cu 20 de minute \u00eenainte de a ie\u0219i din cas\u0103. Reaplica\u021bi des. Evita\u021bi contactul cu ochii.<\/p>\n<p>&nbsp;<\/p>\n<p>&nbsp;<\/p>","protected":false},"excerpt":{"rendered":"<p>Protec\u021bie solar\u0103 facial\u0103 hidratant\u0103 antioxidant\u0103 cu rating ultra UVA de 5 stele (PPD 52). Ofer\u0103 protec\u021bie cu spectru larg \u00eempotriva radia\u021biilor UVA \u0219i UVB, dep\u0103\u0219ind standardele UE. \u00cembog\u0103\u021bit cu vitamina E pentru a preveni deteriorarea celular\u0103 provocat\u0103 de radicalii liberi indu\u0219i de UV \u0219i de speciile reactive de oxigen. Formula este conceput\u0103 pentru pielea sensibil\u0103 \u0219i pentru a ajuta la reducerea riscului de cancer de piele \u0219i de \u00eemb\u0103tr\u00e2nire prematur\u0103 a pielii.<\/p>\n<ul>\n<li>Hipoalergenic<\/li>\n<li>Non-comedogenic<\/li>\n<li>F\u0103r\u0103 parfum \u0219i parabeni<\/li>\n<li>Rezistent la ap\u0103<\/li>\n<\/ul>","protected":false},"featured_media":7354,"template":"","meta":[],"product_cat":[15],"product_tag":[],"_links":{"self":[{"href":"https:\/\/wholesale.altruistsun.com\/ro\/wp-json\/wp\/v2\/product\/2228"}],"collection":[{"href":"https:\/\/wholesale.altruistsun.com\/ro\/wp-json\/wp\/v2\/product"}],"about":[{"href":"https:\/\/wholesale.altruistsun.com\/ro\/wp-json\/wp\/v2\/types\/product"}],"wp:featuredmedia":[{"embeddable":true,"href":"https:\/\/wholesale.altruistsun.com\/ro\/wp-json\/wp\/v2\/media\/7354"}],"wp:attachment":[{"href":"https:\/\/wholesale.altruistsun.com\/ro\/wp-json\/wp\/v2\/media?parent=2228"}],"wp:term":[{"taxonomy":"product_cat","embeddable":true,"href":"https:\/\/wholesale.altruistsun.com\/ro\/wp-json\/wp\/v2\/product_cat?post=2228"},{"taxonomy":"product_tag","embeddable":true,"href":"https:\/\/wholesale.altruistsun.com\/ro\/wp-json\/wp\/v2\/product_tag?post=2228"}],"curies":[{"name":"wp","href":"https:\/\/api.w.org\/{rel}","templated":true}]}}