{"id":566,"date":"2020-01-21T10:52:10","date_gmt":"2020-01-21T10:52:10","guid":{"rendered":"https:\/\/wholesale.altruistsun.com\/?post_type=product&#038;p=566"},"modified":"2026-04-16T12:28:34","modified_gmt":"2026-04-16T12:28:34","slug":"antiredness-and-pigmentation","status":"publish","type":"product","link":"https:\/\/wholesale.altruistsun.com\/ro\/care\/antiredness-and-pigmentation\/","title":{"rendered":"Altruist Anti-Redness &amp; Pigmentation SPF50 30 ml - EAN 8719327023822"},"content":{"rendered":"<h2>Direc\u021bii:<\/h2>\n<p>Poate fi utilizat pentru a neutraliza ro\u0219ea\u021ba \u0219i a uniformiza tonul pielii, reduc\u00e2nd \u00een acela\u0219i timp pigmentarea ulterioar\u0103. Pentru beneficii maxime, acest produs trebuie utilizat zilnic, pe tot parcursul anului.<br \/>\nSe maseaz\u0103 u\u0219or pe fa\u021b\u0103 \u0219i se extinde pe g\u00e2t \u0219i decolteu p\u00e2n\u0103 se ob\u021bine un ton uniform al pielii. Poate fi folosit ca fond de ten. Repeta\u021bi dac\u0103 este necesar pentru o culoare mai intens\u0103. Reaplica\u021bi pe tot parcursul zilei, dac\u0103 este necesar, \u00een special dup\u0103 ce v\u0103 \u0219terge\u021bi cu prosopul, transpira\u021bi sau \u00eenota\u021bi pentru a men\u021bine o protec\u021bie optim\u0103.<\/p>\n<div class=\"row\"  id=\"row-1095504467\"><\/div>","protected":false},"excerpt":{"rendered":"<p><span style=\"color: #808080; font-size: 100%;\">Altruist Anti-Redness and Pigmentation SPF50 (PPD 52) is a green tinted moisturiser and daycream; developed especially for hypersensitive and redness-prone skin, providing instant, gentle and long term improvement. Combining redness concealing technology with redness reducing active plant complex. Leaves a light brown even finish on the skin.<\/span><\/p>","protected":false},"featured_media":7869,"template":"","meta":[],"product_cat":[70],"product_tag":[],"_links":{"self":[{"href":"https:\/\/wholesale.altruistsun.com\/ro\/wp-json\/wp\/v2\/product\/566"}],"collection":[{"href":"https:\/\/wholesale.altruistsun.com\/ro\/wp-json\/wp\/v2\/product"}],"about":[{"href":"https:\/\/wholesale.altruistsun.com\/ro\/wp-json\/wp\/v2\/types\/product"}],"wp:featuredmedia":[{"embeddable":true,"href":"https:\/\/wholesale.altruistsun.com\/ro\/wp-json\/wp\/v2\/media\/7869"}],"wp:attachment":[{"href":"https:\/\/wholesale.altruistsun.com\/ro\/wp-json\/wp\/v2\/media?parent=566"}],"wp:term":[{"taxonomy":"product_cat","embeddable":true,"href":"https:\/\/wholesale.altruistsun.com\/ro\/wp-json\/wp\/v2\/product_cat?post=566"},{"taxonomy":"product_tag","embeddable":true,"href":"https:\/\/wholesale.altruistsun.com\/ro\/wp-json\/wp\/v2\/product_tag?post=566"}],"curies":[{"name":"wp","href":"https:\/\/api.w.org\/{rel}","templated":true}]}}