{"id":6571,"date":"2021-07-15T11:37:20","date_gmt":"2021-07-15T11:37:20","guid":{"rendered":"https:\/\/wholesale.altruistsun.com\/?post_type=product&#038;p=6571"},"modified":"2026-04-30T10:32:49","modified_gmt":"2026-04-30T10:32:49","slug":"moisturising-fluid","status":"publish","type":"product","link":"https:\/\/wholesale.altruistsun.com\/ro\/care\/moisturising-fluid\/","title":{"rendered":"Fluid hidratant 0.5% Acid hialuronic 50ml - EAN 8719327023860"},"content":{"rendered":"<h1>Direc\u021bii:<\/h1>\n<p>Fluidul nostru hidratant pentru fa\u021b\u0103 poate fi folosit ca o crem\u0103 de zi sau de noapte.<\/p>\n<p>&nbsp;<\/p>\n<p>&nbsp;<\/p>","protected":false},"excerpt":{"rendered":"<p>Crema este conceput\u0103 pentru a crea o piele mai t\u00e2n\u0103r\u0103, cu un aspect radiant, prin utilizarea acidului hialuronic cu greutate molecular\u0103 mic\u0103, care p\u0103trunde ad\u00e2nc \u00een epiderm\u0103.  \u00cembog\u0103\u021bit\u0103 cu glicerin\u0103, uree \u0219i unt de shea pentru a spori factorii naturali de hidratare ai pielii, formula u\u0219oar\u0103 este crema hidratant\u0103 perfect\u0103 pentru fa\u021b\u0103 \u0219i poate fi utilizat\u0103 ca crem\u0103 de zi sau de noapte.<\/p>\n<h2>12 buc\u0103\u021bi<\/h2>","protected":false},"featured_media":7355,"template":"","meta":[],"product_cat":[70],"product_tag":[],"_links":{"self":[{"href":"https:\/\/wholesale.altruistsun.com\/ro\/wp-json\/wp\/v2\/product\/6571"}],"collection":[{"href":"https:\/\/wholesale.altruistsun.com\/ro\/wp-json\/wp\/v2\/product"}],"about":[{"href":"https:\/\/wholesale.altruistsun.com\/ro\/wp-json\/wp\/v2\/types\/product"}],"wp:featuredmedia":[{"embeddable":true,"href":"https:\/\/wholesale.altruistsun.com\/ro\/wp-json\/wp\/v2\/media\/7355"}],"wp:attachment":[{"href":"https:\/\/wholesale.altruistsun.com\/ro\/wp-json\/wp\/v2\/media?parent=6571"}],"wp:term":[{"taxonomy":"product_cat","embeddable":true,"href":"https:\/\/wholesale.altruistsun.com\/ro\/wp-json\/wp\/v2\/product_cat?post=6571"},{"taxonomy":"product_tag","embeddable":true,"href":"https:\/\/wholesale.altruistsun.com\/ro\/wp-json\/wp\/v2\/product_tag?post=6571"}],"curies":[{"name":"wp","href":"https:\/\/api.w.org\/{rel}","templated":true}]}}