{"id":7636,"date":"2022-08-08T13:32:32","date_gmt":"2022-08-08T13:32:32","guid":{"rendered":"https:\/\/wholesale.altruistsun.com\/?post_type=product&#038;p=7636"},"modified":"2026-05-01T20:40:06","modified_gmt":"2026-05-01T20:40:06","slug":"altruist-face-fluid-spf30-50ml-ean-8719327597835","status":"publish","type":"product","link":"https:\/\/wholesale.altruistsun.com\/ro\/sunscreen\/altruist-face-fluid-spf30-50ml-ean-8719327597835\/","title":{"rendered":"Altruist Face Fluid SPF30 50ML - EAN 8719327597835"},"content":{"rendered":"","protected":false},"excerpt":{"rendered":"<p>Protec\u021bie solar\u0103 facial\u0103 hidratant\u0103 antioxidant\u0103 cu rating ultra UVA de 5 stele (PPD 39). Ofer\u0103 protec\u021bie cu spectru larg \u00eempotriva radia\u021biilor UVA \u0219i UVB, dep\u0103\u0219ind standardele UE. \u00cembog\u0103\u021bit\u0103 cu vitamina E pentru a preveni deteriorarea celular\u0103 provocat\u0103 de radicalii liberi indu\u0219i de UV \u0219i de speciile reactive de oxigen. Formula este conceput\u0103 pentru pielea sensibil\u0103 \u0219i pentru a ajuta la reducerea riscului de cancer de piele \u0219i de \u00eemb\u0103tr\u00e2nire prematur\u0103 a pielii. Acest fluid de fa\u021b\u0103 are o mul\u021bime de beneficii pentru piele:<\/p>\n<ul>\n<li>Hipoalergenic<\/li>\n<li>Non-comedogenic<\/li>\n<li>F\u0103r\u0103 parfum \u0219i parabeni<\/li>\n<li>Rezistent la ap\u0103<\/li>\n<\/ul>","protected":false},"featured_media":7637,"template":"","meta":[],"product_cat":[15],"product_tag":[],"_links":{"self":[{"href":"https:\/\/wholesale.altruistsun.com\/ro\/wp-json\/wp\/v2\/product\/7636"}],"collection":[{"href":"https:\/\/wholesale.altruistsun.com\/ro\/wp-json\/wp\/v2\/product"}],"about":[{"href":"https:\/\/wholesale.altruistsun.com\/ro\/wp-json\/wp\/v2\/types\/product"}],"wp:featuredmedia":[{"embeddable":true,"href":"https:\/\/wholesale.altruistsun.com\/ro\/wp-json\/wp\/v2\/media\/7637"}],"wp:attachment":[{"href":"https:\/\/wholesale.altruistsun.com\/ro\/wp-json\/wp\/v2\/media?parent=7636"}],"wp:term":[{"taxonomy":"product_cat","embeddable":true,"href":"https:\/\/wholesale.altruistsun.com\/ro\/wp-json\/wp\/v2\/product_cat?post=7636"},{"taxonomy":"product_tag","embeddable":true,"href":"https:\/\/wholesale.altruistsun.com\/ro\/wp-json\/wp\/v2\/product_tag?post=7636"}],"curies":[{"name":"wp","href":"https:\/\/api.w.org\/{rel}","templated":true}]}}