{"id":7708,"date":"2022-12-01T10:57:39","date_gmt":"2022-12-01T10:57:39","guid":{"rendered":"https:\/\/wholesale.altruistsun.com\/?post_type=product&#038;p=7708"},"modified":"2026-04-30T10:32:49","modified_gmt":"2026-04-30T10:32:49","slug":"hand-cream-ean-8719327597842","status":"publish","type":"product","link":"https:\/\/wholesale.altruistsun.com\/ro\/care\/hand-cream-ean-8719327597842\/","title":{"rendered":"CREM\u0102 REPARATOARE PENTRU M\u00c2INI ALTRUIST 10% UREE 75ML - EAN 8719327597842"},"content":{"rendered":"","protected":false},"excerpt":{"rendered":"<p><strong>V\u0103 rug\u0103m s\u0103 re\u021bine\u021bi: ultimul lot disponibil EXP 02\/2026<\/strong><\/p>\n<p>Crem\u0103 dermatologic\u0103 reparatoare pentru m\u00e2ini Altruist cu uree 10%. Dezvoltat\u0103 pentru pielea foarte uscat\u0103, cu uree, glicerin\u0103, pantenol &amp; bisabolol. Creat\u0103 de consultantul dermatolog Dr. Andrew Birnie. Restaureaz\u0103 \u0219i re\u021bine hidratarea m\u00e2inilor care lucreaz\u0103 din greu \u0219i protejeaz\u0103 pielea \u00eempotriva usc\u0103rii \u0219i descuam\u0103rii. Aceast\u0103 crem\u0103 reparatoare pentru m\u00e2ini are o formul\u0103 concentrat\u0103 - este nevoie doar de o pic\u0103tur\u0103 pentru fiecare aplicare. Dimensiune practic\u0103 care poate fi luat\u0103 cu dvs. pentru hidratare dup\u0103 fiecare sp\u0103lare a m\u00e2inilor.<\/p>","protected":false},"featured_media":7717,"template":"","meta":[],"product_cat":[70],"product_tag":[],"_links":{"self":[{"href":"https:\/\/wholesale.altruistsun.com\/ro\/wp-json\/wp\/v2\/product\/7708"}],"collection":[{"href":"https:\/\/wholesale.altruistsun.com\/ro\/wp-json\/wp\/v2\/product"}],"about":[{"href":"https:\/\/wholesale.altruistsun.com\/ro\/wp-json\/wp\/v2\/types\/product"}],"wp:featuredmedia":[{"embeddable":true,"href":"https:\/\/wholesale.altruistsun.com\/ro\/wp-json\/wp\/v2\/media\/7717"}],"wp:attachment":[{"href":"https:\/\/wholesale.altruistsun.com\/ro\/wp-json\/wp\/v2\/media?parent=7708"}],"wp:term":[{"taxonomy":"product_cat","embeddable":true,"href":"https:\/\/wholesale.altruistsun.com\/ro\/wp-json\/wp\/v2\/product_cat?post=7708"},{"taxonomy":"product_tag","embeddable":true,"href":"https:\/\/wholesale.altruistsun.com\/ro\/wp-json\/wp\/v2\/product_tag?post=7708"}],"curies":[{"name":"wp","href":"https:\/\/api.w.org\/{rel}","templated":true}]}}