{"id":7709,"date":"2022-12-01T10:57:36","date_gmt":"2022-12-01T10:57:36","guid":{"rendered":"https:\/\/wholesale.altruistsun.com\/?post_type=product&#038;p=7709"},"modified":"2026-04-16T12:01:58","modified_gmt":"2026-04-16T12:01:58","slug":"body-lotion-ean-8719327597859","status":"publish","type":"product","link":"https:\/\/wholesale.altruistsun.com\/ro\/care-es\/body-lotion-ean-8719327597859\/","title":{"rendered":"ALTRUIST MOISTURISING BODY LOTION 6% UREA 200ml - EAN 8719327597859"},"content":{"rendered":"","protected":false},"excerpt":{"rendered":"<p><strong>V\u0103 rug\u0103m s\u0103 re\u021bine\u021bi: ultimul lot disponibil EXP 02\/2026<\/strong><\/p>\n<p>Lo\u021biune de corp hidratant\u0103 dermatologic\u0103 cu Uree 6% cu o formul\u0103 u\u0219oar\u0103 \u0219i cu absorb\u021bie rapid\u0103. Formulat\u0103 cu uree, glicerin\u0103, unt de shea \u0219i pantenol, creat\u0103 de Dr. Andrew Birnie. Aceast\u0103 lo\u021biune reface \u0219i repar\u0103 pielea uscat\u0103 \u0219i cu m\u00e2nc\u0103rimi. Poate fi folosit\u0103 zilnic de toate tipurile de piele \u0219i a fost dezvoltat\u0103 pentru pielea sensibil\u0103.<\/p>","protected":false},"featured_media":7718,"template":"","meta":[],"product_cat":[82],"product_tag":[],"_links":{"self":[{"href":"https:\/\/wholesale.altruistsun.com\/ro\/wp-json\/wp\/v2\/product\/7709"}],"collection":[{"href":"https:\/\/wholesale.altruistsun.com\/ro\/wp-json\/wp\/v2\/product"}],"about":[{"href":"https:\/\/wholesale.altruistsun.com\/ro\/wp-json\/wp\/v2\/types\/product"}],"wp:featuredmedia":[{"embeddable":true,"href":"https:\/\/wholesale.altruistsun.com\/ro\/wp-json\/wp\/v2\/media\/7718"}],"wp:attachment":[{"href":"https:\/\/wholesale.altruistsun.com\/ro\/wp-json\/wp\/v2\/media?parent=7709"}],"wp:term":[{"taxonomy":"product_cat","embeddable":true,"href":"https:\/\/wholesale.altruistsun.com\/ro\/wp-json\/wp\/v2\/product_cat?post=7709"},{"taxonomy":"product_tag","embeddable":true,"href":"https:\/\/wholesale.altruistsun.com\/ro\/wp-json\/wp\/v2\/product_tag?post=7709"}],"curies":[{"name":"wp","href":"https:\/\/api.w.org\/{rel}","templated":true}]}}