{"id":7956,"date":"2023-08-31T09:28:52","date_gmt":"2023-08-31T09:28:52","guid":{"rendered":"https:\/\/wholesale.altruistsun.com\/?post_type=product&#038;p=7956"},"modified":"2026-04-16T11:44:58","modified_gmt":"2026-04-16T11:44:58","slug":"altruist-primer-spf50-30-ml","status":"publish","type":"product","link":"https:\/\/wholesale.altruistsun.com\/ro\/care\/altruist-primer-spf50-30-ml\/","title":{"rendered":"ALTRUIST PRIMER SPF50 30 ML - EAN 8720865230078"},"content":{"rendered":"","protected":false},"excerpt":{"rendered":"<p>Primer u\u0219or cu SPF 50, protec\u021bie UV cu spectru larg. Se aplic\u0103 sub machiaj. Minimiza\u021bi riscul de cancer de piele \u0219i de \u00eemb\u0103tr\u00e2nire a pielii cu SPF50 cu spectru larg \u0219i protec\u021bie 5 start ultra UVA (PPD 48). Acest primer u\u0219or nu se simte greu \u0219i nu las\u0103 un reziduu lipicios pe piele, a\u0219a cum ar face multe creme solare.<\/p>\n<ul>\n<li>Hipoalergenic<\/li>\n<li>Non-comedogenic<\/li>\n<li>F\u0103r\u0103 parfum \u0219i parabeni<\/li>\n<li>Rezistent la ap\u0103<\/li>\n<\/ul>","protected":false},"featured_media":7958,"template":"","meta":[],"product_cat":[70],"product_tag":[],"_links":{"self":[{"href":"https:\/\/wholesale.altruistsun.com\/ro\/wp-json\/wp\/v2\/product\/7956"}],"collection":[{"href":"https:\/\/wholesale.altruistsun.com\/ro\/wp-json\/wp\/v2\/product"}],"about":[{"href":"https:\/\/wholesale.altruistsun.com\/ro\/wp-json\/wp\/v2\/types\/product"}],"wp:featuredmedia":[{"embeddable":true,"href":"https:\/\/wholesale.altruistsun.com\/ro\/wp-json\/wp\/v2\/media\/7958"}],"wp:attachment":[{"href":"https:\/\/wholesale.altruistsun.com\/ro\/wp-json\/wp\/v2\/media?parent=7956"}],"wp:term":[{"taxonomy":"product_cat","embeddable":true,"href":"https:\/\/wholesale.altruistsun.com\/ro\/wp-json\/wp\/v2\/product_cat?post=7956"},{"taxonomy":"product_tag","embeddable":true,"href":"https:\/\/wholesale.altruistsun.com\/ro\/wp-json\/wp\/v2\/product_tag?post=7956"}],"curies":[{"name":"wp","href":"https:\/\/api.w.org\/{rel}","templated":true}]}}