{"id":7996,"date":"2023-12-18T13:40:44","date_gmt":"2023-12-18T13:40:44","guid":{"rendered":"https:\/\/wholesale.altruistsun.com\/?post_type=product&#038;p=7996"},"modified":"2026-04-16T11:38:22","modified_gmt":"2026-04-16T11:38:22","slug":"altruist-sunscreen-spf50-1-litre-ean-8719327023877","status":"publish","type":"product","link":"https:\/\/wholesale.altruistsun.com\/ro\/sunscreen\/altruist-sunscreen-spf50-1-litre-ean-8719327023877\/","title":{"rendered":"ALTRUIST PROTEC\u021aIE SOLAR\u0102 SPF50 STICL\u0102 DE 1 LITRU - EAN 8719327023877"},"content":{"rendered":"","protected":false},"excerpt":{"rendered":"<p>Protec\u021bie de \u00eenalt\u0103 calitate, cu spectru larg, cu rating ultra UVA de 5 stele (PPD 52). Cremele de soare ALTRUIST. au o gam\u0103 larg\u0103 de filtre UV fotostabile. Absorb\u021bie rapid\u0103, neaderent\u0103 - se simte ca o crem\u0103 hidratant\u0103.<\/p>\n<ul>\n<li>Hipoalergenic<\/li>\n<li>Non-comedogenic<\/li>\n<li>F\u0103r\u0103 parfum \u0219i parabeni<\/li>\n<li>Rezistent la ap\u0103<\/li>\n<\/ul>","protected":false},"featured_media":8058,"template":"","meta":[],"product_cat":[15],"product_tag":[],"_links":{"self":[{"href":"https:\/\/wholesale.altruistsun.com\/ro\/wp-json\/wp\/v2\/product\/7996"}],"collection":[{"href":"https:\/\/wholesale.altruistsun.com\/ro\/wp-json\/wp\/v2\/product"}],"about":[{"href":"https:\/\/wholesale.altruistsun.com\/ro\/wp-json\/wp\/v2\/types\/product"}],"wp:featuredmedia":[{"embeddable":true,"href":"https:\/\/wholesale.altruistsun.com\/ro\/wp-json\/wp\/v2\/media\/8058"}],"wp:attachment":[{"href":"https:\/\/wholesale.altruistsun.com\/ro\/wp-json\/wp\/v2\/media?parent=7996"}],"wp:term":[{"taxonomy":"product_cat","embeddable":true,"href":"https:\/\/wholesale.altruistsun.com\/ro\/wp-json\/wp\/v2\/product_cat?post=7996"},{"taxonomy":"product_tag","embeddable":true,"href":"https:\/\/wholesale.altruistsun.com\/ro\/wp-json\/wp\/v2\/product_tag?post=7996"}],"curies":[{"name":"wp","href":"https:\/\/api.w.org\/{rel}","templated":true}]}}