{"id":8034,"date":"2024-03-01T09:20:46","date_gmt":"2024-03-01T09:20:46","guid":{"rendered":"https:\/\/wholesale.altruistsun.com\/?post_type=product&#038;p=8034"},"modified":"2026-04-16T11:38:55","modified_gmt":"2026-04-16T11:38:55","slug":"altruist-sunscreen-spf-50-25ml-ean-8720865230085","status":"publish","type":"product","link":"https:\/\/wholesale.altruistsun.com\/ro\/sunscreen\/altruist-sunscreen-spf-50-25ml-ean-8720865230085\/","title":{"rendered":"ALTRUIST PROTEC\u021aIE SOLAR\u0102 SPF 50 25ML - EAN 8720865230085"},"content":{"rendered":"","protected":false},"excerpt":{"rendered":"<div id=\"row-1099734704\" class=\"row\">\n<div id=\"col-441329383\" class=\"col small-12 large-12\">\n<div class=\"col-inner\">\n<div class=\"icon-box featured-box icon-box-left text-left\">\n<div class=\"icon-box-img\">\n<div class=\"icon\"><\/div>\n<\/div>\n<\/div>\n<div class=\"icon-box featured-box icon-box-left text-left\">\n<div class=\"icon-box-img\">\n<div class=\"icon\">\n<div class=\"icon-inner\"><span style=\"color: #555555;\">\u00cen 2021, 49% din toate ambalajele au fost fabricate din plastic reciclat<\/span><\/div>\n<\/div>\n<\/div>\n<\/div>\n<\/div>\n<\/div>\n<\/div>\n<div class=\"product-short-description\">\n<p><em><strong>Poate fi folosit \u0219i pentru copii<\/strong><\/em><br \/>\n<img loading=\"lazy\" decoding=\"async\" src=\"https:\/\/altruistsun.com\/wp-content\/uploads\/2021\/04\/child_Tekengebied-1-1.png\" alt=\"Girl in a jacket\" width=\"20\" height=\"20\" \/>\u00a0 \u00a0potrivit pentru bebelu\u0219i \u0219i copii (+6 luni)<\/p>\n<div><\/div>\n<p>Spray solar pentru familie SPF50 cu specifica\u021bii dermatologice, cu o protec\u021bie UVA de 5 stele (PPD 48), creat de dermatologul Dr. Andrew Birnie. Spray-ul SPF50 este potrivit pentru \u00eentreaga familie, inclusiv pentru bebelu\u0219i (+6 luni) \u0219i copii. Produsul vine \u00eentr-un nou format de spray cu declan\u0219ator, care asigur\u0103 o aplicare u\u0219oar\u0103 chiar \u0219i pe cele mai agitate corpuri. Cu formula sa prietenoas\u0103 cu recifele, aceast\u0103 crem\u0103 de protec\u021bie solar\u0103 este perfect\u0103 pentru o zi la plaj\u0103, f\u0103r\u0103 a fi nevoie s\u0103 purta\u021bi mai multe SPF-uri diferite. Ofer\u0103 protec\u021bie cu spectru larg \u00eempotriva radia\u021biilor UVA \u0219i UVB, dep\u0103\u0219ind standardele UE. Formula este conceput\u0103 pentru pielea sensibil\u0103 \u0219i este f\u0103r\u0103 parfum \u0219i parabeni.<\/p>\n<ul>\n<li>Vegan<\/li>\n<li>Potrivit pentru pielea sensibil\u0103<\/li>\n<li>Rezistent la ap\u0103<\/li>\n<li>F\u0103r\u0103 parfum \u0219i parabeni<\/li>\n<\/ul>\n<\/div>","protected":false},"featured_media":8031,"template":"","meta":[],"product_cat":[15],"product_tag":[],"_links":{"self":[{"href":"https:\/\/wholesale.altruistsun.com\/ro\/wp-json\/wp\/v2\/product\/8034"}],"collection":[{"href":"https:\/\/wholesale.altruistsun.com\/ro\/wp-json\/wp\/v2\/product"}],"about":[{"href":"https:\/\/wholesale.altruistsun.com\/ro\/wp-json\/wp\/v2\/types\/product"}],"wp:featuredmedia":[{"embeddable":true,"href":"https:\/\/wholesale.altruistsun.com\/ro\/wp-json\/wp\/v2\/media\/8031"}],"wp:attachment":[{"href":"https:\/\/wholesale.altruistsun.com\/ro\/wp-json\/wp\/v2\/media?parent=8034"}],"wp:term":[{"taxonomy":"product_cat","embeddable":true,"href":"https:\/\/wholesale.altruistsun.com\/ro\/wp-json\/wp\/v2\/product_cat?post=8034"},{"taxonomy":"product_tag","embeddable":true,"href":"https:\/\/wholesale.altruistsun.com\/ro\/wp-json\/wp\/v2\/product_tag?post=8034"}],"curies":[{"name":"wp","href":"https:\/\/api.w.org\/{rel}","templated":true}]}}