{"id":8153,"date":"2024-06-20T10:46:35","date_gmt":"2024-06-20T10:46:35","guid":{"rendered":"https:\/\/wholesale.altruistsun.com\/?post_type=product&#038;p=8153"},"modified":"2026-04-22T14:43:50","modified_gmt":"2026-04-22T14:43:50","slug":"altruist-moisturising-fluid-spf50-50ml-ean-8720865230337","status":"publish","type":"product","link":"https:\/\/wholesale.altruistsun.com\/ro\/care\/altruist-moisturising-fluid-spf50-50ml-ean-8720865230337\/","title":{"rendered":"ALTRUIST FLUID HIDRATANT SPF50 50ML - EAN 8720865230337"},"content":{"rendered":"<h1>Direc\u021bii:<\/h1>\n<p>Fluidul nostru hidratant pentru fa\u021b\u0103 poate fi folosit ca o crem\u0103 de zi.<\/p>\n<p>&nbsp;<\/p>\n<p>&nbsp;<\/p>","protected":false},"excerpt":{"rendered":"<p>Aceast\u0103 crem\u0103, care include protec\u021bie SPF50, este conceput\u0103 pentru a crea o piele mai t\u00e2n\u0103r\u0103, cu aspect radiant, prin utilizarea acidului hialuronic cu greutate molecular\u0103 mic\u0103, care p\u0103trunde ad\u00e2nc \u00een epiderm\u0103. \u00cembog\u0103\u021bit\u0103 cu glicerin\u0103 \u0219i uree pentru a spori factorii naturali de hidratare ai pielii, formula u\u0219oar\u0103 este crema hidratant\u0103 perfect\u0103 pentru fa\u021b\u0103.<\/p>\n<h2><\/h2>","protected":false},"featured_media":8169,"template":"","meta":[],"product_cat":[70],"product_tag":[],"_links":{"self":[{"href":"https:\/\/wholesale.altruistsun.com\/ro\/wp-json\/wp\/v2\/product\/8153"}],"collection":[{"href":"https:\/\/wholesale.altruistsun.com\/ro\/wp-json\/wp\/v2\/product"}],"about":[{"href":"https:\/\/wholesale.altruistsun.com\/ro\/wp-json\/wp\/v2\/types\/product"}],"wp:featuredmedia":[{"embeddable":true,"href":"https:\/\/wholesale.altruistsun.com\/ro\/wp-json\/wp\/v2\/media\/8169"}],"wp:attachment":[{"href":"https:\/\/wholesale.altruistsun.com\/ro\/wp-json\/wp\/v2\/media?parent=8153"}],"wp:term":[{"taxonomy":"product_cat","embeddable":true,"href":"https:\/\/wholesale.altruistsun.com\/ro\/wp-json\/wp\/v2\/product_cat?post=8153"},{"taxonomy":"product_tag","embeddable":true,"href":"https:\/\/wholesale.altruistsun.com\/ro\/wp-json\/wp\/v2\/product_tag?post=8153"}],"curies":[{"name":"wp","href":"https:\/\/api.w.org\/{rel}","templated":true}]}}