{"id":8360,"date":"2025-07-07T14:44:02","date_gmt":"2025-07-07T14:44:02","guid":{"rendered":"https:\/\/wholesale.altruistsun.com\/?post_type=product&#038;p=8360"},"modified":"2026-04-16T11:26:37","modified_gmt":"2026-04-16T11:26:37","slug":"altruist-oily-skin-cream-spf50-50ml-ean-8720865230320","status":"publish","type":"product","link":"https:\/\/wholesale.altruistsun.com\/ro\/care\/altruist-oily-skin-cream-spf50-50ml-ean-8720865230320\/","title":{"rendered":"ALTRUIST CREM\u0102 PENTRU TEN GRAS SPF50 50ML - EAN 8720865230320"},"content":{"rendered":"<p>Aplica\u021bi cu generozitate \u00een fiecare diminea\u021b\u0103 pe pielea cur\u0103\u021bat\u0103 a fe\u021bei, g\u00e2tului \u0219i decolteului pentru o s\u0103n\u0103tate optim\u0103 a pielii \u0219i pentru a reduce \u00eemb\u0103tr\u00e2nirea pielii cauzat\u0103 de razele UV. Nu uita\u021bi s\u0103 aplica\u021bi \u00een mod regulat protec\u021bie solar\u0103 dac\u0103 petrece\u021bi timp \u00een aer liber.<\/p>\n<p>&nbsp;<\/p>\n<p>&nbsp;<\/p>","protected":false},"excerpt":{"rendered":"<p data-start=\"509\" data-end=\"733\">Dezvoltat\u0103 de Dr. Andrew Birnie, dermatolog consultant \u0219i chirurg specializat \u00een cancerul de piele, Altruist Oily Skin Cream SPF50 (PPD 20) este o crem\u0103 de protec\u021bie solar\u0103 de \u00eenalt\u0103 performan\u021b\u0103, cu spectru larg, conceput\u0103 special pentru pielea gras\u0103 \u0219i predispus\u0103 la acnee.<\/p>\n<p data-start=\"735\" data-end=\"1009\">Aceast\u0103 formul\u0103 u\u0219oar\u0103, f\u0103r\u0103 ulei, ofer\u0103 protec\u021bie puternic\u0103 \u00eempotriva razelor UVA \u0219i UVB. \u00cembog\u0103\u021bit\u0103 cu vitamina E \u0219i matifian\u021bi pe baz\u0103 de amidon, ofer\u0103 un finisaj uscat la atingere, f\u0103r\u0103 str\u0103lucire, ideal pentru tenurile sensibile sau predispuse la imperfec\u021biuni.<\/p>\n<h2><\/h2>","protected":false},"featured_media":8361,"template":"","meta":[],"product_cat":[70],"product_tag":[],"_links":{"self":[{"href":"https:\/\/wholesale.altruistsun.com\/ro\/wp-json\/wp\/v2\/product\/8360"}],"collection":[{"href":"https:\/\/wholesale.altruistsun.com\/ro\/wp-json\/wp\/v2\/product"}],"about":[{"href":"https:\/\/wholesale.altruistsun.com\/ro\/wp-json\/wp\/v2\/types\/product"}],"wp:featuredmedia":[{"embeddable":true,"href":"https:\/\/wholesale.altruistsun.com\/ro\/wp-json\/wp\/v2\/media\/8361"}],"wp:attachment":[{"href":"https:\/\/wholesale.altruistsun.com\/ro\/wp-json\/wp\/v2\/media?parent=8360"}],"wp:term":[{"taxonomy":"product_cat","embeddable":true,"href":"https:\/\/wholesale.altruistsun.com\/ro\/wp-json\/wp\/v2\/product_cat?post=8360"},{"taxonomy":"product_tag","embeddable":true,"href":"https:\/\/wholesale.altruistsun.com\/ro\/wp-json\/wp\/v2\/product_tag?post=8360"}],"curies":[{"name":"wp","href":"https:\/\/api.w.org\/{rel}","templated":true}]}}